{"id":447,"date":"2024-08-14T16:13:58","date_gmt":"2024-08-14T14:13:58","guid":{"rendered":"https:\/\/www.voss-healthcare.net\/?page_id=447"},"modified":"2024-10-30T09:24:48","modified_gmt":"2024-10-30T08:24:48","slug":"about-voss","status":"publish","type":"page","link":"https:\/\/www.voss-healthcare.net\/en\/about-voss\/","title":{"rendered":"About us"},"content":{"rendered":"<div data-elementor-type=\"wp-page\" data-elementor-id=\"447\" class=\"elementor elementor-447\" data-elementor-post-type=\"page\">\n\t\t\t\t<div class=\"elementor-element elementor-element-e6b912d e-flex e-con-boxed e-con e-parent\" data-id=\"e6b912d\" data-element_type=\"container\" data-e-type=\"container\">\n\t\t\t\t\t<div class=\"e-con-inner\">\n\t\t\t\t<div class=\"elementor-element elementor-element-e396970 elementor-widget elementor-widget-heading\" data-id=\"e396970\" data-element_type=\"widget\" data-e-type=\"widget\" data-widget_type=\"heading.default\">\n\t\t\t\t<div class=\"elementor-widget-container\">\n\t\t\t\t\t<h2 class=\"elementor-heading-title elementor-size-default\">ello. Made by VOSS Healthcare.<\/h2>\t\t\t\t<\/div>\n\t\t\t\t<\/div>\n\t\t\t\t<div class=\"elementor-element elementor-element-dc28e8f elementor-widget elementor-widget-text-editor\" data-id=\"dc28e8f\" data-element_type=\"widget\" data-e-type=\"widget\" data-widget_type=\"text-editor.default\">\n\t\t\t\t<div class=\"elementor-widget-container\">\n\t\t\t\t\t\t\t\t\t<p>VOSS Healthcare is part of the VOSS Group, a leading automotive supplier known for its top-tier quality for over 90 years. With over 7,000 employees worldwide and annual sales of around 800 million euros, the VOSS Group is an industry leader.<br \/>VOSS Healthcare GmbH is committed to ensuring that everyone, regardless of age or limitations, can live a self-determined life. ello is developed in Germany and produced in VOSS facilities across Europe, adhering to all Medical Device Regulation (MDR) standards.<\/p>\t\t\t\t\t\t\t\t<\/div>\n\t\t\t\t<\/div>\n\t\t\t\t\t<\/div>\n\t\t\t\t<\/div>\n\t\t<div class=\"elementor-element elementor-element-edf21bb e-flex e-con-boxed e-con e-parent\" data-id=\"edf21bb\" data-element_type=\"container\" data-e-type=\"container\">\n\t\t\t\t\t<div class=\"e-con-inner\">\n\t\t\t\t<div class=\"elementor-element elementor-element-bced239 elementor-widget elementor-widget-heading\" data-id=\"bced239\" data-element_type=\"widget\" data-e-type=\"widget\" data-widget_type=\"heading.default\">\n\t\t\t\t<div class=\"elementor-widget-container\">\n\t\t\t\t\t<h2 class=\"elementor-heading-title elementor-size-default\">ello \u2013 Designed according to customer needs. <\/h2>\t\t\t\t<\/div>\n\t\t\t\t<\/div>\n\t\t\t\t<div class=\"elementor-element elementor-element-2b98982 elementor-widget elementor-widget-text-editor\" data-id=\"2b98982\" data-element_type=\"widget\" data-e-type=\"widget\" data-widget_type=\"text-editor.default\">\n\t\t\t\t<div class=\"elementor-widget-container\">\n\t\t\t\t\t\t\t\t\t<p>The development of ello is based on extensive testing with users and in-depth studies of their mobility preferences. Careful analysis and the integration of user feedback have resulted in a solution that truly meets the everyday mobility needs of its users. ello represents a breakthrough in personal mobility, combining innovative sensor technology and software control to support users without overwhelming them. It reacts instantly to every movement, providing a sense of secure control that builds confidence and restores mobility.<\/p>\t\t\t\t\t\t\t\t<\/div>\n\t\t\t\t<\/div>\n\t\t\t\t\t<\/div>\n\t\t\t\t<\/div>\n\t\t<div class=\"elementor-element elementor-element-2eddded e-flex e-con-boxed e-con e-parent\" data-id=\"2eddded\" data-element_type=\"container\" data-e-type=\"container\">\n\t\t\t\t\t<div class=\"e-con-inner\">\n\t\t\t\t<div class=\"elementor-element elementor-element-1ca0c4c elementor-widget elementor-widget-image\" data-id=\"1ca0c4c\" data-element_type=\"widget\" data-e-type=\"widget\" data-widget_type=\"image.default\">\n\t\t\t\t<div class=\"elementor-widget-container\">\n\t\t\t\t\t\t\t\t\t\t\t\t\t\t\t<img fetchpriority=\"high\" decoding=\"async\" width=\"768\" height=\"803\" src=\"https:\/\/www.voss-healthcare.net\/wp-content\/uploads\/2024\/10\/flaggen_VH-768x803.jpg\" class=\"attachment-medium_large size-medium_large wp-image-1746\" alt=\"\" srcset=\"https:\/\/www.voss-healthcare.net\/wp-content\/uploads\/2024\/10\/flaggen_VH-768x803.jpg 768w, https:\/\/www.voss-healthcare.net\/wp-content\/uploads\/2024\/10\/flaggen_VH-574x600.jpg 574w, https:\/\/www.voss-healthcare.net\/wp-content\/uploads\/2024\/10\/flaggen_VH-1033x1080.jpg 1033w, https:\/\/www.voss-healthcare.net\/wp-content\/uploads\/2024\/10\/flaggen_VH-239x250.jpg 239w, https:\/\/www.voss-healthcare.net\/wp-content\/uploads\/2024\/10\/flaggen_VH-1469x1536.jpg 1469w, https:\/\/www.voss-healthcare.net\/wp-content\/uploads\/2024\/10\/flaggen_VH-1958x2048.jpg 1958w\" sizes=\"(max-width: 768px) 100vw, 768px\" \/>\t\t\t\t\t\t\t\t\t\t\t\t\t\t\t<\/div>\n\t\t\t\t<\/div>\n\t\t\t\t\t<\/div>\n\t\t\t\t<\/div>\n\t\t<div class=\"elementor-element elementor-element-fa31ced e-flex e-con-boxed e-con e-parent\" data-id=\"fa31ced\" data-element_type=\"container\" data-e-type=\"container\">\n\t\t\t\t\t<div class=\"e-con-inner\">\n\t\t\t\t<div class=\"elementor-element elementor-element-e3a3f76 elementor-align-center elementor-widget elementor-widget-button\" data-id=\"e3a3f76\" data-element_type=\"widget\" data-e-type=\"widget\" data-widget_type=\"button.default\">\n\t\t\t\t<div class=\"elementor-widget-container\">\n\t\t\t\t\t\t\t\t\t<div class=\"elementor-button-wrapper\">\n\t\t\t\t\t<a class=\"elementor-button elementor-button-link elementor-size-sm\" href=\"https:\/\/www.voss.net\/de\/karriere\/karriere-bei-voss\/\" target=\"_blank\">\n\t\t\t\t\t\t<span class=\"elementor-button-content-wrapper\">\n\t\t\t\t\t\t<span class=\"elementor-button-icon\">\n\t\t\t\t<svg aria-hidden=\"true\" class=\"e-font-icon-svg e-fas-arrow-right\" viewbox=\"0 0 448 512\" xmlns=\"http:\/\/www.w3.org\/2000\/svg\"><path d=\"M190.5 66.9l22.2-22.2c9.4-9.4 24.6-9.4 33.9 0L441 239c9.4 9.4 9.4 24.6 0 33.9L246.6 467.3c-9.4 9.4-24.6 9.4-33.9 0l-22.2-22.2c-9.5-9.5-9.3-25 .4-34.3L311.4 296H24c-13.3 0-24-10.7-24-24v-32c0-13.3 10.7-24 24-24h287.4L190.9 101.2c-9.8-9.3-10-24.8-.4-34.3z\"><\/path><\/svg>\t\t\t<\/span>\n\t\t\t\t\t\t\t\t\t<span class=\"elementor-button-text\">Career at VOSS<\/span>\n\t\t\t\t\t<\/span>\n\t\t\t\t\t<\/a>\n\t\t\t\t<\/div>\n\t\t\t\t\t\t\t\t<\/div>\n\t\t\t\t<\/div>\n\t\t\t\t\t<\/div>\n\t\t\t\t<\/div>\n\t\t\t\t<\/div>","protected":false},"excerpt":{"rendered":"<p>ello. Made by VOSS Healthcare. VOSS Healthcare ist Teil der VOSS Gruppe, die seit mehr als 90 Jahren als f\u00fchrender Automobilzulieferer f\u00fcr h\u00f6chste Qualit\u00e4t bekannt ist. Sie hat sich mit \u00fcber 7.000 Mitarbeitern weltweit etabliert und erzielt einen j\u00e4hrlichen Umsatz von rund 800 Millionen Euro.Die VOSS Healthcare GmbH engagiert sich daf\u00fcr, dass jeder Mensch, unabh\u00e4ngig [&hellip;]<\/p>","protected":false},"author":1,"featured_media":0,"parent":0,"menu_order":0,"comment_status":"closed","ping_status":"closed","template":"","meta":{"footnotes":""},"class_list":["post-447","page","type-page","status-publish","hentry"],"yoast_head":"<!-- This site is optimized with the Yoast SEO plugin v27.4 - https:\/\/yoast.com\/product\/yoast-seo-wordpress\/ -->\n<title>\u00dcber uns - Ello by Voss healthcare<\/title>\n<meta name=\"robots\" content=\"index, follow, max-snippet:-1, max-image-preview:large, max-video-preview:-1\" \/>\n<link rel=\"canonical\" href=\"https:\/\/www.voss-healthcare.net\/en\/about-voss\/\" \/>\n<meta property=\"og:locale\" content=\"en_GB\" \/>\n<meta property=\"og:type\" content=\"article\" \/>\n<meta property=\"og:title\" content=\"\u00dcber uns - Ello by Voss healthcare\" \/>\n<meta property=\"og:description\" content=\"ello. Made by VOSS Healthcare. VOSS Healthcare ist Teil der VOSS Gruppe, die seit mehr als 90 Jahren als f\u00fchrender Automobilzulieferer f\u00fcr h\u00f6chste Qualit\u00e4t bekannt ist. Sie hat sich mit \u00fcber 7.000 Mitarbeitern weltweit etabliert und erzielt einen j\u00e4hrlichen Umsatz von rund 800 Millionen Euro.Die VOSS Healthcare GmbH engagiert sich daf\u00fcr, dass jeder Mensch, unabh\u00e4ngig [&hellip;]\" \/>\n<meta property=\"og:url\" content=\"https:\/\/www.voss-healthcare.net\/en\/about-voss\/\" \/>\n<meta property=\"og:site_name\" content=\"Ello by Voss healthcare\" \/>\n<meta property=\"article:modified_time\" content=\"2024-10-30T08:24:48+00:00\" \/>\n<meta property=\"og:image\" content=\"https:\/\/www.voss-healthcare.net\/wp-content\/uploads\/2024\/10\/flaggen_VH-768x803.jpg\" \/>\n<meta name=\"twitter:card\" content=\"summary_large_image\" \/>\n<meta name=\"twitter:label1\" content=\"Estimated reading time\" \/>\n\t<meta name=\"twitter:data1\" content=\"2 minutes\" \/>\n<script type=\"application\/ld+json\" class=\"yoast-schema-graph\">{\"@context\":\"https:\\\/\\\/schema.org\",\"@graph\":[{\"@type\":\"WebPage\",\"@id\":\"https:\\\/\\\/www.voss-healthcare.net\\\/uber-voss\\\/\",\"url\":\"https:\\\/\\\/www.voss-healthcare.net\\\/uber-voss\\\/\",\"name\":\"\u00dcber uns - Ello by Voss healthcare\",\"isPartOf\":{\"@id\":\"https:\\\/\\\/www.voss-healthcare.net\\\/#website\"},\"primaryImageOfPage\":{\"@id\":\"https:\\\/\\\/www.voss-healthcare.net\\\/uber-voss\\\/#primaryimage\"},\"image\":{\"@id\":\"https:\\\/\\\/www.voss-healthcare.net\\\/uber-voss\\\/#primaryimage\"},\"thumbnailUrl\":\"https:\\\/\\\/www.voss-healthcare.net\\\/wp-content\\\/uploads\\\/2024\\\/10\\\/flaggen_VH-768x803.jpg\",\"datePublished\":\"2024-08-14T14:13:58+00:00\",\"dateModified\":\"2024-10-30T08:24:48+00:00\",\"breadcrumb\":{\"@id\":\"https:\\\/\\\/www.voss-healthcare.net\\\/uber-voss\\\/#breadcrumb\"},\"inLanguage\":\"en-GB\",\"potentialAction\":[{\"@type\":\"ReadAction\",\"target\":[\"https:\\\/\\\/www.voss-healthcare.net\\\/uber-voss\\\/\"]}]},{\"@type\":\"ImageObject\",\"inLanguage\":\"en-GB\",\"@id\":\"https:\\\/\\\/www.voss-healthcare.net\\\/uber-voss\\\/#primaryimage\",\"url\":\"https:\\\/\\\/www.voss-healthcare.net\\\/wp-content\\\/uploads\\\/2024\\\/10\\\/flaggen_VH-768x803.jpg\",\"contentUrl\":\"https:\\\/\\\/www.voss-healthcare.net\\\/wp-content\\\/uploads\\\/2024\\\/10\\\/flaggen_VH-768x803.jpg\"},{\"@type\":\"BreadcrumbList\",\"@id\":\"https:\\\/\\\/www.voss-healthcare.net\\\/uber-voss\\\/#breadcrumb\",\"itemListElement\":[{\"@type\":\"ListItem\",\"position\":1,\"name\":\"Startseite\",\"item\":\"https:\\\/\\\/www.voss-healthcare.net\\\/\"},{\"@type\":\"ListItem\",\"position\":2,\"name\":\"\u00dcber uns\"}]},{\"@type\":\"WebSite\",\"@id\":\"https:\\\/\\\/www.voss-healthcare.net\\\/#website\",\"url\":\"https:\\\/\\\/www.voss-healthcare.net\\\/\",\"name\":\"Ello by Voss healthcare\",\"description\":\"\",\"publisher\":{\"@id\":\"https:\\\/\\\/www.voss-healthcare.net\\\/#organization\"},\"potentialAction\":[{\"@type\":\"SearchAction\",\"target\":{\"@type\":\"EntryPoint\",\"urlTemplate\":\"https:\\\/\\\/www.voss-healthcare.net\\\/?s={search_term_string}\"},\"query-input\":{\"@type\":\"PropertyValueSpecification\",\"valueRequired\":true,\"valueName\":\"search_term_string\"}}],\"inLanguage\":\"en-GB\"},{\"@type\":\"Organization\",\"@id\":\"https:\\\/\\\/www.voss-healthcare.net\\\/#organization\",\"name\":\"Ello by Voss healthcare\",\"url\":\"https:\\\/\\\/www.voss-healthcare.net\\\/\",\"logo\":{\"@type\":\"ImageObject\",\"inLanguage\":\"en-GB\",\"@id\":\"https:\\\/\\\/www.voss-healthcare.net\\\/#\\\/schema\\\/logo\\\/image\\\/\",\"url\":\"https:\\\/\\\/www.voss-healthcare.net\\\/wp-content\\\/uploads\\\/2024\\\/08\\\/ello_Logo_by-VOSS-healthcare.webp\",\"contentUrl\":\"https:\\\/\\\/www.voss-healthcare.net\\\/wp-content\\\/uploads\\\/2024\\\/08\\\/ello_Logo_by-VOSS-healthcare.webp\",\"width\":300,\"height\":182,\"caption\":\"Ello by Voss healthcare\"},\"image\":{\"@id\":\"https:\\\/\\\/www.voss-healthcare.net\\\/#\\\/schema\\\/logo\\\/image\\\/\"}}]}<\/script>\n<!-- \/ Yoast SEO plugin. -->","yoast_head_json":{"title":"\u00dcber uns - Ello by Voss healthcare","robots":{"index":"index","follow":"follow","max-snippet":"max-snippet:-1","max-image-preview":"max-image-preview:large","max-video-preview":"max-video-preview:-1"},"canonical":"https:\/\/www.voss-healthcare.net\/en\/about-voss\/","og_locale":"en_GB","og_type":"article","og_title":"\u00dcber uns - Ello by Voss healthcare","og_description":"ello. Made by VOSS Healthcare. VOSS Healthcare ist Teil der VOSS Gruppe, die seit mehr als 90 Jahren als f\u00fchrender Automobilzulieferer f\u00fcr h\u00f6chste Qualit\u00e4t bekannt ist. Sie hat sich mit \u00fcber 7.000 Mitarbeitern weltweit etabliert und erzielt einen j\u00e4hrlichen Umsatz von rund 800 Millionen Euro.Die VOSS Healthcare GmbH engagiert sich daf\u00fcr, dass jeder Mensch, unabh\u00e4ngig [&hellip;]","og_url":"https:\/\/www.voss-healthcare.net\/en\/about-voss\/","og_site_name":"Ello by Voss healthcare","article_modified_time":"2024-10-30T08:24:48+00:00","og_image":[{"url":"https:\/\/www.voss-healthcare.net\/wp-content\/uploads\/2024\/10\/flaggen_VH-768x803.jpg","type":"","width":"","height":""}],"twitter_card":"summary_large_image","twitter_misc":{"Estimated reading time":"2 minutes"},"schema":{"@context":"https:\/\/schema.org","@graph":[{"@type":"WebPage","@id":"https:\/\/www.voss-healthcare.net\/uber-voss\/","url":"https:\/\/www.voss-healthcare.net\/uber-voss\/","name":"\u00dcber uns - Ello by Voss healthcare","isPartOf":{"@id":"https:\/\/www.voss-healthcare.net\/#website"},"primaryImageOfPage":{"@id":"https:\/\/www.voss-healthcare.net\/uber-voss\/#primaryimage"},"image":{"@id":"https:\/\/www.voss-healthcare.net\/uber-voss\/#primaryimage"},"thumbnailUrl":"https:\/\/www.voss-healthcare.net\/wp-content\/uploads\/2024\/10\/flaggen_VH-768x803.jpg","datePublished":"2024-08-14T14:13:58+00:00","dateModified":"2024-10-30T08:24:48+00:00","breadcrumb":{"@id":"https:\/\/www.voss-healthcare.net\/uber-voss\/#breadcrumb"},"inLanguage":"en-GB","potentialAction":[{"@type":"ReadAction","target":["https:\/\/www.voss-healthcare.net\/uber-voss\/"]}]},{"@type":"ImageObject","inLanguage":"en-GB","@id":"https:\/\/www.voss-healthcare.net\/uber-voss\/#primaryimage","url":"https:\/\/www.voss-healthcare.net\/wp-content\/uploads\/2024\/10\/flaggen_VH-768x803.jpg","contentUrl":"https:\/\/www.voss-healthcare.net\/wp-content\/uploads\/2024\/10\/flaggen_VH-768x803.jpg"},{"@type":"BreadcrumbList","@id":"https:\/\/www.voss-healthcare.net\/uber-voss\/#breadcrumb","itemListElement":[{"@type":"ListItem","position":1,"name":"Startseite","item":"https:\/\/www.voss-healthcare.net\/"},{"@type":"ListItem","position":2,"name":"\u00dcber uns"}]},{"@type":"WebSite","@id":"https:\/\/www.voss-healthcare.net\/#website","url":"https:\/\/www.voss-healthcare.net\/","name":"Ello by Voss healthcare","description":"","publisher":{"@id":"https:\/\/www.voss-healthcare.net\/#organization"},"potentialAction":[{"@type":"SearchAction","target":{"@type":"EntryPoint","urlTemplate":"https:\/\/www.voss-healthcare.net\/?s={search_term_string}"},"query-input":{"@type":"PropertyValueSpecification","valueRequired":true,"valueName":"search_term_string"}}],"inLanguage":"en-GB"},{"@type":"Organization","@id":"https:\/\/www.voss-healthcare.net\/#organization","name":"Ello by Voss healthcare","url":"https:\/\/www.voss-healthcare.net\/","logo":{"@type":"ImageObject","inLanguage":"en-GB","@id":"https:\/\/www.voss-healthcare.net\/#\/schema\/logo\/image\/","url":"https:\/\/www.voss-healthcare.net\/wp-content\/uploads\/2024\/08\/ello_Logo_by-VOSS-healthcare.webp","contentUrl":"https:\/\/www.voss-healthcare.net\/wp-content\/uploads\/2024\/08\/ello_Logo_by-VOSS-healthcare.webp","width":300,"height":182,"caption":"Ello by Voss healthcare"},"image":{"@id":"https:\/\/www.voss-healthcare.net\/#\/schema\/logo\/image\/"}}]}},"_links":{"self":[{"href":"https:\/\/www.voss-healthcare.net\/en\/wp-json\/wp\/v2\/pages\/447","targetHints":{"allow":["GET"]}}],"collection":[{"href":"https:\/\/www.voss-healthcare.net\/en\/wp-json\/wp\/v2\/pages"}],"about":[{"href":"https:\/\/www.voss-healthcare.net\/en\/wp-json\/wp\/v2\/types\/page"}],"author":[{"embeddable":true,"href":"https:\/\/www.voss-healthcare.net\/en\/wp-json\/wp\/v2\/users\/1"}],"replies":[{"embeddable":true,"href":"https:\/\/www.voss-healthcare.net\/en\/wp-json\/wp\/v2\/comments?post=447"}],"version-history":[{"count":32,"href":"https:\/\/www.voss-healthcare.net\/en\/wp-json\/wp\/v2\/pages\/447\/revisions"}],"predecessor-version":[{"id":1759,"href":"https:\/\/www.voss-healthcare.net\/en\/wp-json\/wp\/v2\/pages\/447\/revisions\/1759"}],"wp:attachment":[{"href":"https:\/\/www.voss-healthcare.net\/en\/wp-json\/wp\/v2\/media?parent=447"}],"curies":[{"name":"wp","href":"https:\/\/api.w.org\/{rel}","templated":true}]}}