{"id":431,"date":"2024-08-14T16:11:50","date_gmt":"2024-08-14T14:11:50","guid":{"rendered":"https:\/\/www.voss-healthcare.net\/?page_id=431"},"modified":"2026-03-18T12:37:29","modified_gmt":"2026-03-18T11:37:29","slug":"contact","status":"publish","type":"page","link":"https:\/\/www.voss-healthcare.net\/en\/contact\/","title":{"rendered":"Contact"},"content":{"rendered":"<div data-elementor-type=\"wp-page\" data-elementor-id=\"431\" class=\"elementor elementor-431\" data-elementor-post-type=\"page\">\n\t\t\t\t<div class=\"elementor-element elementor-element-0229b0f e-flex e-con-boxed e-con e-parent\" data-id=\"0229b0f\" data-element_type=\"container\" data-e-type=\"container\">\n\t\t\t\t\t<div class=\"e-con-inner\">\n\t\t\t\t<div class=\"elementor-element elementor-element-cbf9ff0 elementor-widget elementor-widget-heading\" data-id=\"cbf9ff0\" data-element_type=\"widget\" data-e-type=\"widget\" data-widget_type=\"heading.default\">\n\t\t\t\t<div class=\"elementor-widget-container\">\n\t\t\t\t\t<h2 class=\"elementor-heading-title elementor-size-default\">The probably safest walker in Europe with the comfort of an e-bike.<\/h2>\t\t\t\t<\/div>\n\t\t\t\t<\/div>\n\t\t\t\t<div class=\"elementor-element elementor-element-d381268 elementor-widget elementor-widget-text-editor\" data-id=\"d381268\" data-element_type=\"widget\" data-e-type=\"widget\" data-widget_type=\"text-editor.default\">\n\t\t\t\t<div class=\"elementor-widget-container\">\n\t\t\t\t\t\t\t\t\t<p>Registrieren Sie sich <a href=\"https:\/\/voss-healthcare-uat-250729-22407539.dev.odoo.com\/\">hier<\/a> f\u00fcr eine Garantieverl\u00e4ngerung auf 3 Jahre.<\/p>\t\t\t\t\t\t\t\t<\/div>\n\t\t\t\t<\/div>\n\t\t\t\t\t<\/div>\n\t\t\t\t<\/div>\n\t\t<div class=\"elementor-element elementor-element-d47dc07 e-flex e-con-boxed e-con e-parent\" data-id=\"d47dc07\" data-element_type=\"container\" data-e-type=\"container\">\n\t\t\t\t\t<div class=\"e-con-inner\">\n\t\t\t\t<div class=\"elementor-element elementor-element-b132986 elementor-widget elementor-widget-heading\" data-id=\"b132986\" data-element_type=\"widget\" data-e-type=\"widget\" data-widget_type=\"heading.default\">\n\t\t\t\t<div class=\"elementor-widget-container\">\n\t\t\t\t\t<h2 class=\"elementor-heading-title elementor-size-default\">\nDo you have any questions? We are happy to help you!<\/h2>\t\t\t\t<\/div>\n\t\t\t\t<\/div>\n\t\t\t\t<div class=\"elementor-element elementor-element-d6f9c2a elementor-widget elementor-widget-image\" data-id=\"d6f9c2a\" data-element_type=\"widget\" data-e-type=\"widget\" data-widget_type=\"image.default\">\n\t\t\t\t<div class=\"elementor-widget-container\">\n\t\t\t\t\t\t\t\t\t\t\t\t\t\t\t<img fetchpriority=\"high\" decoding=\"async\" width=\"962\" height=\"984\" src=\"https:\/\/www.voss-healthcare.net\/wp-content\/uploads\/2024\/09\/ello-kontakt.webp\" class=\"attachment-full size-full wp-image-1509\" alt=\"ello Kontakt\" srcset=\"https:\/\/www.voss-healthcare.net\/wp-content\/uploads\/2024\/09\/ello-kontakt.webp 962w, https:\/\/www.voss-healthcare.net\/wp-content\/uploads\/2024\/09\/ello-kontakt-587x600.webp 587w, https:\/\/www.voss-healthcare.net\/wp-content\/uploads\/2024\/09\/ello-kontakt-244x250.webp 244w\" sizes=\"(max-width: 962px) 100vw, 962px\" \/>\t\t\t\t\t\t\t\t\t\t\t\t\t\t\t<\/div>\n\t\t\t\t<\/div>\n\t\t\t\t\t<\/div>\n\t\t\t\t<\/div>\n\t\t<div class=\"elementor-element elementor-element-c17e731 e-flex e-con-boxed e-con e-parent\" data-id=\"c17e731\" data-element_type=\"container\" data-e-type=\"container\" data-settings=\"{&quot;background_background&quot;:&quot;classic&quot;}\">\n\t\t\t\t\t<div class=\"e-con-inner\">\n\t\t\t\t<div class=\"elementor-element elementor-element-b9c7d57 elementor-widget elementor-widget-html\" data-id=\"b9c7d57\" data-element_type=\"widget\" data-e-type=\"widget\" data-widget_type=\"html.default\">\n\t\t\t\t<div class=\"elementor-widget-container\">\n\t\t\t\t\t<script>\ndocument.addEventListener('DOMContentLoaded', function () {\n    const urlParams = new URLSearchParams(window.location.search);\n    const hideForm = urlParams.has('gform');\n    if (hideForm) {\n        document.querySelector('.hide-on-param').setAttribute('data-show', 'false');\n    }else{\n        let feedbackText = document.querySelector('.hide-on-param2');\n        \n        feedbackText.setAttribute('data-show', 'true');\n        console.log(feedbackText.getAttribute('data-show'));\n    }\n});\n<\/script>\t\t\t\t<\/div>\n\t\t\t\t<\/div>\n\t\t\t\t<div class=\"elementor-element elementor-element-adbf076 hide-on-param elementor-button-align-stretch elementor-widget elementor-widget-form\" data-id=\"adbf076\" data-element_type=\"widget\" data-e-type=\"widget\" data-settings=\"{&quot;step_next_label&quot;:&quot;N\\u00e4chster&quot;,&quot;step_previous_label&quot;:&quot;Voriger&quot;,&quot;button_width&quot;:&quot;100&quot;,&quot;step_type&quot;:&quot;number_text&quot;,&quot;step_icon_shape&quot;:&quot;circle&quot;}\" data-widget_type=\"form.default\">\n\t\t\t\t<div class=\"elementor-widget-container\">\n\t\t\t\t\t\t\t<form class=\"elementor-form\" method=\"post\" name=\"kontakt\" aria-label=\"kontakt\" action=\"\">\n\t\t\t<input type=\"hidden\" name=\"post_id\" value=\"431\"\/>\n\t\t\t<input type=\"hidden\" name=\"form_id\" value=\"adbf076\"\/>\n\t\t\t<input type=\"hidden\" name=\"referer_title\" value=\"Kontakt - Ello by Voss healthcare\" \/>\n\n\t\t\t\t\t\t\t<input type=\"hidden\" name=\"queried_id\" value=\"431\"\/>\n\t\t\t\n\t\t\t<div class=\"elementor-form-fields-wrapper elementor-labels-above\">\n\t\t\t\t\t\t\t\t<div class=\"elementor-field-type-text elementor-field-group elementor-column elementor-field-group-name elementor-col-100\">\n\t\t\t\t\t\t\t\t\t\t\t\t<label for=\"form-field-name\" class=\"elementor-field-label\">\n\t\t\t\t\t\t\t\tName\t\t\t\t\t\t\t<\/label>\n\t\t\t\t\t\t\t\t\t\t\t\t\t\t<input size=\"1\" type=\"text\" name=\"form_fields[name]\" id=\"form-field-name\" class=\"elementor-field elementor-size-sm  elementor-field-textual\" placeholder=\"Name\">\n\t\t\t\t\t\t\t\t\t\t\t<\/div>\n\t\t\t\t\t\t\t\t<div class=\"elementor-field-type-text\">\n\t\t\t\t\t<input size=\"1\" type=\"text\" name=\"form_fields[field_c3f1641]\" id=\"form-field-field_c3f1641\" class=\"elementor-field elementor-size-sm\" style=\"display:none !important;\">\t\t\t\t<\/div>\n\t\t\t\t\t\t\t\t<div class=\"elementor-field-type-email elementor-field-group elementor-column elementor-field-group-email elementor-col-100 elementor-field-required\">\n\t\t\t\t\t\t\t\t\t\t\t\t<label for=\"form-field-email\" class=\"elementor-field-label\">\n\t\t\t\t\t\t\t\tE-Mail\t\t\t\t\t\t\t<\/label>\n\t\t\t\t\t\t\t\t\t\t\t\t\t\t<input size=\"1\" type=\"email\" name=\"form_fields[email]\" id=\"form-field-email\" class=\"elementor-field elementor-size-sm  elementor-field-textual\" placeholder=\"E-Mail\" required=\"required\">\n\t\t\t\t\t\t\t\t\t\t\t<\/div>\n\t\t\t\t\t\t\t\t<div class=\"elementor-field-type-textarea elementor-field-group elementor-column elementor-field-group-message elementor-col-100\">\n\t\t\t\t\t\t\t\t\t\t\t\t<label for=\"form-field-message\" class=\"elementor-field-label\">\n\t\t\t\t\t\t\t\tMessage\t\t\t\t\t\t\t<\/label>\n\t\t\t\t\t\t<textarea class=\"elementor-field-textual elementor-field  elementor-size-sm\" name=\"form_fields[message]\" id=\"form-field-message\" rows=\"4\" placeholder=\"Message\"><\/textarea>\t\t\t\t<\/div>\n\t\t\t\t\t\t\t\t<div class=\"elementor-field-type-html elementor-field-group elementor-column elementor-field-group-field_7179ff7 elementor-col-100\">\n\t\t\t\t\t<p style=\"color:#fff;\">For information on the processing of your personal data, please refer to the <a style=\"color:#fff;text-decoration:underline;\" href=\"\/en\/datenschutz\/\">privacy policy<\/a><\/p>\t\t\t\t<\/div>\n\t\t\t\t\t\t\t\t<div class=\"elementor-field-type-recaptcha_v3 elementor-field-group elementor-column elementor-field-group-field_13bdd51 elementor-col-100 recaptcha_v3-bottomright\">\n\t\t\t\t\t<div class=\"elementor-field\" id=\"form-field-field_13bdd51\"><div class=\"elementor-g-recaptcha\" data-sitekey=\"6LdWk4kqAAAAAFBRWp_9UNyWNHqxotmZMZKF0bsF\" data-type=\"v3\" data-action=\"Form\" data-badge=\"bottomright\" data-size=\"invisible\"><\/div><\/div>\t\t\t\t<\/div>\n\t\t\t\t\t\t\t\t<div class=\"elementor-field-group elementor-column elementor-field-type-submit elementor-col-100 e-form__buttons\">\n\t\t\t\t\t<button class=\"elementor-button elementor-size-sm\" type=\"submit\">\n\t\t\t\t\t\t<span class=\"elementor-button-content-wrapper\">\n\t\t\t\t\t\t\t\t\t\t\t\t\t\t\t\t\t\t\t\t\t\t<span class=\"elementor-button-text\">Submit<\/span>\n\t\t\t\t\t\t\t\t\t\t\t\t\t<\/span>\n\t\t\t\t\t<\/button>\n\t\t\t\t<\/div>\n\t\t\t<\/div>\n\t\t<input type=\"hidden\" name=\"trp-form-language\" value=\"en\"\/><\/form>\n\t\t\t\t\t\t<\/div>\n\t\t\t\t<\/div>\n\t\t\t\t<div class=\"elementor-element elementor-element-e89123e hide-on-param2 elementor-widget elementor-widget-text-editor\" data-id=\"e89123e\" data-element_type=\"widget\" data-e-type=\"widget\" data-widget_type=\"text-editor.default\">\n\t\t\t\t<div class=\"elementor-widget-container\">\n\t\t\t\t\t\t\t\t\t<p>Thank you for your message.<br \/>Wir melden uns zeitnah bei Ihnen<\/p>\t\t\t\t\t\t\t\t<\/div>\n\t\t\t\t<\/div>\n\t\t\t\t\t<\/div>\n\t\t\t\t<\/div>\n\t\t<div class=\"elementor-element elementor-element-25d4485 e-flex e-con-boxed e-con e-parent\" data-id=\"25d4485\" data-element_type=\"container\" data-e-type=\"container\">\n\t\t\t\t\t<div class=\"e-con-inner\">\n\t\t\t\t<div class=\"elementor-element elementor-element-b1cbd0e elementor-widget elementor-widget-text-editor\" data-id=\"b1cbd0e\" data-element_type=\"widget\" data-e-type=\"widget\" data-widget_type=\"text-editor.default\">\n\t\t\t\t<div class=\"elementor-widget-container\">\n\t\t\t\t\t\t\t\t\t<p><strong>VOSS healthcare GmbH<\/strong><\/p><p>J\u00fclicher Str. 306<\/p><p>52070 Aachen<\/p><p><strong>E-Mail:<\/strong> info@voss-healthcare.net<br \/><strong>Phone: <\/strong>+49 241 510 056 22<\/p>\t\t\t\t\t\t\t\t<\/div>\n\t\t\t\t<\/div>\n\t\t\t\t\t<\/div>\n\t\t\t\t<\/div>\n\t\t\t\t<\/div>","protected":false},"excerpt":{"rendered":"<p>Der wahrscheinlich sicherste Rollator Europas mit dem Komfort eines E-Bikes. Registrieren Sie sich hier f\u00fcr eine Garantieverl\u00e4ngerung auf 3 Jahre. Sie haben Fragen? Wir sind gerne f\u00fcr Sie da! Vielen Dank f\u00fcr Ihre Nachricht.Wir melden uns zeitnah bei Ihnen VOSS healthcare GmbH J\u00fclicher Str. 306 52070 Aachen E-Mail: info@voss-healthcare.netPhone: +49 241 510 056 22<\/p>","protected":false},"author":1,"featured_media":0,"parent":0,"menu_order":0,"comment_status":"closed","ping_status":"closed","template":"","meta":{"footnotes":""},"class_list":["post-431","page","type-page","status-publish","hentry"],"yoast_head":"<!-- This site is optimized with the Yoast SEO plugin v27.4 - https:\/\/yoast.com\/product\/yoast-seo-wordpress\/ -->\n<title>Kontakt - Ello by Voss healthcare<\/title>\n<meta name=\"robots\" content=\"index, follow, max-snippet:-1, max-image-preview:large, max-video-preview:-1\" \/>\n<link rel=\"canonical\" href=\"https:\/\/www.voss-healthcare.net\/en\/contact\/\" \/>\n<meta property=\"og:locale\" content=\"en_GB\" \/>\n<meta property=\"og:type\" content=\"article\" \/>\n<meta property=\"og:title\" content=\"Kontakt - Ello by Voss healthcare\" \/>\n<meta property=\"og:description\" content=\"Der wahrscheinlich sicherste Rollator Europas mit dem Komfort eines E-Bikes. Registrieren Sie sich hier f\u00fcr eine Garantieverl\u00e4ngerung auf 3 Jahre. Sie haben Fragen? Wir sind gerne f\u00fcr Sie da! Vielen Dank f\u00fcr Ihre Nachricht.Wir melden uns zeitnah bei Ihnen VOSS healthcare GmbH J\u00fclicher Str. 306 52070 Aachen E-Mail: info@voss-healthcare.netPhone: +49 241 510 056 22\" \/>\n<meta property=\"og:url\" content=\"https:\/\/www.voss-healthcare.net\/en\/contact\/\" \/>\n<meta property=\"og:site_name\" content=\"Ello by Voss healthcare\" \/>\n<meta property=\"article:modified_time\" content=\"2026-03-18T11:37:29+00:00\" \/>\n<meta property=\"og:image\" content=\"https:\/\/www.voss-healthcare.net\/wp-content\/uploads\/2024\/09\/ello-kontakt.webp\" \/>\n\t<meta property=\"og:image:width\" content=\"962\" \/>\n\t<meta property=\"og:image:height\" content=\"984\" \/>\n\t<meta property=\"og:image:type\" content=\"image\/webp\" \/>\n<meta name=\"twitter:card\" content=\"summary_large_image\" \/>\n<meta name=\"twitter:label1\" content=\"Estimated reading time\" \/>\n\t<meta name=\"twitter:data1\" content=\"1 minute\" \/>\n<script type=\"application\/ld+json\" class=\"yoast-schema-graph\">{\"@context\":\"https:\\\/\\\/schema.org\",\"@graph\":[{\"@type\":\"WebPage\",\"@id\":\"https:\\\/\\\/www.voss-healthcare.net\\\/kontakt\\\/\",\"url\":\"https:\\\/\\\/www.voss-healthcare.net\\\/kontakt\\\/\",\"name\":\"Kontakt - Ello by Voss healthcare\",\"isPartOf\":{\"@id\":\"https:\\\/\\\/www.voss-healthcare.net\\\/#website\"},\"primaryImageOfPage\":{\"@id\":\"https:\\\/\\\/www.voss-healthcare.net\\\/kontakt\\\/#primaryimage\"},\"image\":{\"@id\":\"https:\\\/\\\/www.voss-healthcare.net\\\/kontakt\\\/#primaryimage\"},\"thumbnailUrl\":\"https:\\\/\\\/www.voss-healthcare.net\\\/wp-content\\\/uploads\\\/2024\\\/09\\\/ello-kontakt.webp\",\"datePublished\":\"2024-08-14T14:11:50+00:00\",\"dateModified\":\"2026-03-18T11:37:29+00:00\",\"breadcrumb\":{\"@id\":\"https:\\\/\\\/www.voss-healthcare.net\\\/kontakt\\\/#breadcrumb\"},\"inLanguage\":\"en-GB\",\"potentialAction\":[{\"@type\":\"ReadAction\",\"target\":[\"https:\\\/\\\/www.voss-healthcare.net\\\/kontakt\\\/\"]}]},{\"@type\":\"ImageObject\",\"inLanguage\":\"en-GB\",\"@id\":\"https:\\\/\\\/www.voss-healthcare.net\\\/kontakt\\\/#primaryimage\",\"url\":\"https:\\\/\\\/www.voss-healthcare.net\\\/wp-content\\\/uploads\\\/2024\\\/09\\\/ello-kontakt.webp\",\"contentUrl\":\"https:\\\/\\\/www.voss-healthcare.net\\\/wp-content\\\/uploads\\\/2024\\\/09\\\/ello-kontakt.webp\"},{\"@type\":\"BreadcrumbList\",\"@id\":\"https:\\\/\\\/www.voss-healthcare.net\\\/kontakt\\\/#breadcrumb\",\"itemListElement\":[{\"@type\":\"ListItem\",\"position\":1,\"name\":\"Startseite\",\"item\":\"https:\\\/\\\/www.voss-healthcare.net\\\/\"},{\"@type\":\"ListItem\",\"position\":2,\"name\":\"Kontakt\"}]},{\"@type\":\"WebSite\",\"@id\":\"https:\\\/\\\/www.voss-healthcare.net\\\/#website\",\"url\":\"https:\\\/\\\/www.voss-healthcare.net\\\/\",\"name\":\"Ello by Voss healthcare\",\"description\":\"\",\"publisher\":{\"@id\":\"https:\\\/\\\/www.voss-healthcare.net\\\/#organization\"},\"potentialAction\":[{\"@type\":\"SearchAction\",\"target\":{\"@type\":\"EntryPoint\",\"urlTemplate\":\"https:\\\/\\\/www.voss-healthcare.net\\\/?s={search_term_string}\"},\"query-input\":{\"@type\":\"PropertyValueSpecification\",\"valueRequired\":true,\"valueName\":\"search_term_string\"}}],\"inLanguage\":\"en-GB\"},{\"@type\":\"Organization\",\"@id\":\"https:\\\/\\\/www.voss-healthcare.net\\\/#organization\",\"name\":\"Ello by Voss healthcare\",\"url\":\"https:\\\/\\\/www.voss-healthcare.net\\\/\",\"logo\":{\"@type\":\"ImageObject\",\"inLanguage\":\"en-GB\",\"@id\":\"https:\\\/\\\/www.voss-healthcare.net\\\/#\\\/schema\\\/logo\\\/image\\\/\",\"url\":\"https:\\\/\\\/www.voss-healthcare.net\\\/wp-content\\\/uploads\\\/2024\\\/08\\\/ello_Logo_by-VOSS-healthcare.webp\",\"contentUrl\":\"https:\\\/\\\/www.voss-healthcare.net\\\/wp-content\\\/uploads\\\/2024\\\/08\\\/ello_Logo_by-VOSS-healthcare.webp\",\"width\":300,\"height\":182,\"caption\":\"Ello by Voss healthcare\"},\"image\":{\"@id\":\"https:\\\/\\\/www.voss-healthcare.net\\\/#\\\/schema\\\/logo\\\/image\\\/\"}}]}<\/script>\n<!-- \/ Yoast SEO plugin. -->","yoast_head_json":{"title":"Contact - Ello by Voss healthcare","robots":{"index":"index","follow":"follow","max-snippet":"max-snippet:-1","max-image-preview":"max-image-preview:large","max-video-preview":"max-video-preview:-1"},"canonical":"https:\/\/www.voss-healthcare.net\/en\/contact\/","og_locale":"en_GB","og_type":"article","og_title":"Kontakt - Ello by Voss healthcare","og_description":"Der wahrscheinlich sicherste Rollator Europas mit dem Komfort eines E-Bikes. Registrieren Sie sich hier f\u00fcr eine Garantieverl\u00e4ngerung auf 3 Jahre. Sie haben Fragen? Wir sind gerne f\u00fcr Sie da! Vielen Dank f\u00fcr Ihre Nachricht.Wir melden uns zeitnah bei Ihnen VOSS healthcare GmbH J\u00fclicher Str. 306 52070 Aachen E-Mail: info@voss-healthcare.netPhone: +49 241 510 056 22","og_url":"https:\/\/www.voss-healthcare.net\/en\/contact\/","og_site_name":"Ello by Voss healthcare","article_modified_time":"2026-03-18T11:37:29+00:00","og_image":[{"width":962,"height":984,"url":"https:\/\/www.voss-healthcare.net\/wp-content\/uploads\/2024\/09\/ello-kontakt.webp","type":"image\/webp"}],"twitter_card":"summary_large_image","twitter_misc":{"Estimated reading time":"1 minute"},"schema":{"@context":"https:\/\/schema.org","@graph":[{"@type":"WebPage","@id":"https:\/\/www.voss-healthcare.net\/kontakt\/","url":"https:\/\/www.voss-healthcare.net\/kontakt\/","name":"Contact - Ello by Voss healthcare","isPartOf":{"@id":"https:\/\/www.voss-healthcare.net\/#website"},"primaryImageOfPage":{"@id":"https:\/\/www.voss-healthcare.net\/kontakt\/#primaryimage"},"image":{"@id":"https:\/\/www.voss-healthcare.net\/kontakt\/#primaryimage"},"thumbnailUrl":"https:\/\/www.voss-healthcare.net\/wp-content\/uploads\/2024\/09\/ello-kontakt.webp","datePublished":"2024-08-14T14:11:50+00:00","dateModified":"2026-03-18T11:37:29+00:00","breadcrumb":{"@id":"https:\/\/www.voss-healthcare.net\/kontakt\/#breadcrumb"},"inLanguage":"en-GB","potentialAction":[{"@type":"ReadAction","target":["https:\/\/www.voss-healthcare.net\/kontakt\/"]}]},{"@type":"ImageObject","inLanguage":"en-GB","@id":"https:\/\/www.voss-healthcare.net\/kontakt\/#primaryimage","url":"https:\/\/www.voss-healthcare.net\/wp-content\/uploads\/2024\/09\/ello-kontakt.webp","contentUrl":"https:\/\/www.voss-healthcare.net\/wp-content\/uploads\/2024\/09\/ello-kontakt.webp"},{"@type":"BreadcrumbList","@id":"https:\/\/www.voss-healthcare.net\/kontakt\/#breadcrumb","itemListElement":[{"@type":"ListItem","position":1,"name":"Startseite","item":"https:\/\/www.voss-healthcare.net\/"},{"@type":"ListItem","position":2,"name":"Kontakt"}]},{"@type":"WebSite","@id":"https:\/\/www.voss-healthcare.net\/#website","url":"https:\/\/www.voss-healthcare.net\/","name":"Ello by Voss healthcare","description":"","publisher":{"@id":"https:\/\/www.voss-healthcare.net\/#organization"},"potentialAction":[{"@type":"SearchAction","target":{"@type":"EntryPoint","urlTemplate":"https:\/\/www.voss-healthcare.net\/?s={search_term_string}"},"query-input":{"@type":"PropertyValueSpecification","valueRequired":true,"valueName":"search_term_string"}}],"inLanguage":"en-GB"},{"@type":"Organization","@id":"https:\/\/www.voss-healthcare.net\/#organization","name":"Ello by Voss healthcare","url":"https:\/\/www.voss-healthcare.net\/","logo":{"@type":"ImageObject","inLanguage":"en-GB","@id":"https:\/\/www.voss-healthcare.net\/#\/schema\/logo\/image\/","url":"https:\/\/www.voss-healthcare.net\/wp-content\/uploads\/2024\/08\/ello_Logo_by-VOSS-healthcare.webp","contentUrl":"https:\/\/www.voss-healthcare.net\/wp-content\/uploads\/2024\/08\/ello_Logo_by-VOSS-healthcare.webp","width":300,"height":182,"caption":"Ello by Voss healthcare"},"image":{"@id":"https:\/\/www.voss-healthcare.net\/#\/schema\/logo\/image\/"}}]}},"_links":{"self":[{"href":"https:\/\/www.voss-healthcare.net\/en\/wp-json\/wp\/v2\/pages\/431","targetHints":{"allow":["GET"]}}],"collection":[{"href":"https:\/\/www.voss-healthcare.net\/en\/wp-json\/wp\/v2\/pages"}],"about":[{"href":"https:\/\/www.voss-healthcare.net\/en\/wp-json\/wp\/v2\/types\/page"}],"author":[{"embeddable":true,"href":"https:\/\/www.voss-healthcare.net\/en\/wp-json\/wp\/v2\/users\/1"}],"replies":[{"embeddable":true,"href":"https:\/\/www.voss-healthcare.net\/en\/wp-json\/wp\/v2\/comments?post=431"}],"version-history":[{"count":175,"href":"https:\/\/www.voss-healthcare.net\/en\/wp-json\/wp\/v2\/pages\/431\/revisions"}],"predecessor-version":[{"id":2660,"href":"https:\/\/www.voss-healthcare.net\/en\/wp-json\/wp\/v2\/pages\/431\/revisions\/2660"}],"wp:attachment":[{"href":"https:\/\/www.voss-healthcare.net\/en\/wp-json\/wp\/v2\/media?parent=431"}],"curies":[{"name":"wp","href":"https:\/\/api.w.org\/{rel}","templated":true}]}}