{"id":2517,"date":"2025-04-04T10:46:44","date_gmt":"2025-04-04T08:46:44","guid":{"rendered":"https:\/\/www.voss-healthcare.net\/?page_id=2517"},"modified":"2025-04-04T16:56:44","modified_gmt":"2025-04-04T14:56:44","slug":"optimale-sicherheit-mit-ihrem-rollator-bei-schlechten-lichtverhaltnissen","status":"publish","type":"page","link":"https:\/\/www.voss-healthcare.net\/en\/optimale-sicherheit-mit-ihrem-rollator-bei-schlechten-lichtverhaltnissen\/","title":{"rendered":"Optimale Sicherheit mit Ihrem Rollator bei schlechten Lichtverh\u00e4ltnissen"},"content":{"rendered":"<div data-elementor-type=\"wp-page\" data-elementor-id=\"2517\" class=\"elementor elementor-2517\" data-elementor-post-type=\"page\">\n\t\t\t\t<div class=\"elementor-element elementor-element-625b710b e-flex e-con-boxed e-con e-parent\" data-id=\"625b710b\" data-element_type=\"container\" data-e-type=\"container\" data-settings=\"{&quot;background_background&quot;:&quot;classic&quot;}\">\n\t\t\t\t\t<div class=\"e-con-inner\">\n\t\t<div class=\"elementor-element elementor-element-656f4e9e e-con-full e-flex e-con e-child\" data-id=\"656f4e9e\" data-element_type=\"container\" data-e-type=\"container\" data-settings=\"{&quot;background_background&quot;:&quot;classic&quot;}\">\n\t\t<div class=\"elementor-element elementor-element-34a5beed e-con-full e-flex e-con e-child\" data-id=\"34a5beed\" data-element_type=\"container\" data-e-type=\"container\">\n\t\t\t\t<div class=\"elementor-element elementor-element-6c955b7b elementor-widget elementor-widget-heading\" data-id=\"6c955b7b\" data-element_type=\"widget\" data-e-type=\"widget\" data-widget_type=\"heading.default\">\n\t\t\t\t<div class=\"elementor-widget-container\">\n\t\t\t\t\t<h2 class=\"elementor-heading-title elementor-size-default\">Optimum safety with your ello<br> in poor lighting conditions.<\/h2>\t\t\t\t<\/div>\n\t\t\t\t<\/div>\n\t\t\t\t<div class=\"elementor-element elementor-element-5c0aa131 elementor-widget elementor-widget-image\" data-id=\"5c0aa131\" data-element_type=\"widget\" data-e-type=\"widget\" data-widget_type=\"image.default\">\n\t\t\t\t<div class=\"elementor-widget-container\">\n\t\t\t\t\t\t\t\t\t\t\t\t\t\t\t<img fetchpriority=\"high\" decoding=\"async\" width=\"800\" height=\"600\" src=\"https:\/\/www.voss-healthcare.net\/wp-content\/uploads\/2025\/02\/ello-rollator-by-voss-healthcare-night.jpg\" class=\"attachment-medium size-medium wp-image-2193\" alt=\"\" srcset=\"https:\/\/www.voss-healthcare.net\/wp-content\/uploads\/2025\/02\/ello-rollator-by-voss-healthcare-night.jpg 800w, https:\/\/www.voss-healthcare.net\/wp-content\/uploads\/2025\/02\/ello-rollator-by-voss-healthcare-night-250x188.jpg 250w, https:\/\/www.voss-healthcare.net\/wp-content\/uploads\/2025\/02\/ello-rollator-by-voss-healthcare-night-768x576.jpg 768w, https:\/\/www.voss-healthcare.net\/wp-content\/uploads\/2025\/02\/ello-rollator-by-voss-healthcare-night-16x12.jpg 16w\" sizes=\"(max-width: 800px) 100vw, 800px\" \/>\t\t\t\t\t\t\t\t\t\t\t\t\t\t\t<\/div>\n\t\t\t\t<\/div>\n\t\t\t\t<div class=\"elementor-element elementor-element-3e1b11b3 elementor-widget elementor-widget-text-editor\" data-id=\"3e1b11b3\" data-element_type=\"widget\" data-e-type=\"widget\" data-widget_type=\"text-editor.default\">\n\t\t\t\t<div class=\"elementor-widget-container\">\n\t\t\t\t\t\t\t\t\t<p>After dusk or in generally poor lighting conditions, moving around with a <a href=\"https:\/\/www.voss-healthcare.net\/en\/was-sollte-ich-beim-kauf-eines-rollators-beachten\/\">walker<\/a> can be challenging and unsettling. However, with ello and the right preparations, you can still be active and safe when visibility is poor. Here are a few detailed tips and advice on how you can maximize your safety even further:<\/p><ul><li><strong>Reflective accessories and clothing:<\/strong> Increase your visibility by wearing reflective clothing. Reflective caps and jackets reflect the light from street lamps and vehicles, making you even more visible.<\/li><li><strong>Choose safe and familiar routes:<\/strong> Avoid new and potentially dangerous routes in low light conditions. Stay on paths that you know and that are well lit. Find out whether certain paths are lit at night.<\/li><li><strong>Accompanied by friends or family:<\/strong> A walk at dusk or in the dark will be safer and more pleasant if you are accompanied by someone. A companion can not only help with orientation, but also provide support in an emergency.<\/li><li><strong>Emergency preparations:<\/strong> It is important to carry a charged cell phone with you at all times so that you can call for help in an emergency. Make sure you have emergency numbers stored and that someone knows where you are.<\/li><li><strong>Regular maintenance of your rollator:<\/strong> Check the functionality of your rollator regularly. A well-maintained mobility aid is safer to use, so have regular maintenance carried out at a medical supply store.<\/li><li><b>Battery charge status:<\/b> always make sure that the battery is fully charged to ensure that you can fully rely on ello.Make sure that the brakes are working correctly and the wheels are in good condition. Therefore, check the brakes before every start.<\/li><li><b>Make sure the brakes are working properly<\/b> and the wheels are in good condition. Therefore, check the brakes before every start.<\/li><li><strong>Observe weather conditions:<\/strong> In bad weather, such as rain or fog, visibility and traction may be limited. Wear non-slip shoes to further increase your own safety.<\/li><li><strong>Use apps and technology:<\/strong> There are standard apps such as Google Maps or Apple Maps installed on your smartphone to plan your route and ensure you stay on lighted paths. These apps also allow you to share your location with loved ones so they know where you are.<\/li><\/ul>\t\t\t\t\t\t\t\t<\/div>\n\t\t\t\t<\/div>\n\t\t\t\t<\/div>\n\t\t\t\t<\/div>\n\t\t<div class=\"elementor-element elementor-element-5802ad33 e-con-full e-flex e-con e-child\" data-id=\"5802ad33\" data-element_type=\"container\" data-e-type=\"container\" data-settings=\"{&quot;background_background&quot;:&quot;classic&quot;}\">\n\t\t<div class=\"elementor-element elementor-element-5f6073e5 e-con-full e-flex e-con e-child\" data-id=\"5f6073e5\" data-element_type=\"container\" data-e-type=\"container\">\n\t\t\t\t<div class=\"elementor-element elementor-element-493d3040 elementor-widget elementor-widget-text-editor\" data-id=\"493d3040\" data-element_type=\"widget\" data-e-type=\"widget\" data-widget_type=\"text-editor.default\">\n\t\t\t\t<div class=\"elementor-widget-container\">\n\t\t\t\t\t\t\t\t\t<p>By following these tips, you can stay active and safe even in low light conditions. ello's <a href=\"https:\/\/www.voss-healthcare.net\/en\/sicherheit-und-komfort-mit-dem-ello-rollator\/\">advanced safety features<\/a> provide reliable support to maintain your mobility and independence. Take advantage of the technological benefits of this rollator and adapt your habits to ensure your safety at every opportunity.<\/p>\t\t\t\t\t\t\t\t<\/div>\n\t\t\t\t<\/div>\n\t\t\t\t<\/div>\n\t\t\t\t<\/div>\n\t\t\t\t\t<\/div>\n\t\t\t\t<\/div>\n\t\t<div class=\"elementor-element elementor-element-27fa3ba e-flex e-con-boxed e-con e-parent\" data-id=\"27fa3ba\" data-element_type=\"container\" data-e-type=\"container\" data-settings=\"{&quot;background_background&quot;:&quot;classic&quot;}\">\n\t\t\t\t\t<div class=\"e-con-inner\">\n\t\t\t\t<div class=\"elementor-element elementor-element-59a4127b elementor-align-center elementor-widget elementor-widget-button\" data-id=\"59a4127b\" data-element_type=\"widget\" data-e-type=\"widget\" data-widget_type=\"button.default\">\n\t\t\t\t<div class=\"elementor-widget-container\">\n\t\t\t\t\t\t\t\t\t<div class=\"elementor-button-wrapper\">\n\t\t\t\t\t<a class=\"elementor-button elementor-button-link elementor-size-sm\" href=\"\/en\/magazine\/\">\n\t\t\t\t\t\t<span class=\"elementor-button-content-wrapper\">\n\t\t\t\t\t\t<span class=\"elementor-button-icon\">\n\t\t\t\t<svg aria-hidden=\"true\" class=\"e-font-icon-svg e-fas-arrow-circle-left\" viewbox=\"0 0 512 512\" xmlns=\"http:\/\/www.w3.org\/2000\/svg\"><path d=\"M256 504C119 504 8 393 8 256S119 8 256 8s248 111 248 248-111 248-248 248zm28.9-143.6L209.4 288H392c13.3 0 24-10.7 24-24v-16c0-13.3-10.7-24-24-24H209.4l75.5-72.4c9.7-9.3 9.9-24.8.4-34.3l-11-10.9c-9.4-9.4-24.6-9.4-33.9 0L107.7 239c-9.4 9.4-9.4 24.6 0 33.9l132.7 132.7c9.4 9.4 24.6 9.4 33.9 0l11-10.9c9.5-9.5 9.3-25-.4-34.3z\"><\/path><\/svg>\t\t\t<\/span>\n\t\t\t\t\t\t\t\t\t<span class=\"elementor-button-text\">back<\/span>\n\t\t\t\t\t<\/span>\n\t\t\t\t\t<\/a>\n\t\t\t\t<\/div>\n\t\t\t\t\t\t\t\t<\/div>\n\t\t\t\t<\/div>\n\t\t\t\t\t<\/div>\n\t\t\t\t<\/div>\n\t\t\t\t<\/div>","protected":false},"excerpt":{"rendered":"<p>Optimale Sicherheit mit Ihrem Rollator bei schlechten Lichtverh\u00e4ltnissen Ab dem Einbruch der D\u00e4mmerung oder bei generell schlechten Lichtverh\u00e4ltnissen kann die Fortbewegung mit einem Rollator als herausfordernd und beunruhigend empfunden werden. Mit ello und den richtigen Vorbereitungen k\u00f6nnen Sie aber auch bei schlechteren Sichtverh\u00e4ltnissen aktiv und sicher unterwegs sein. Hier ein paar detaillierte Tipps und Ratschl\u00e4ge, [&hellip;]<\/p>","protected":false},"author":1,"featured_media":0,"parent":0,"menu_order":0,"comment_status":"closed","ping_status":"closed","template":"","meta":{"footnotes":""},"class_list":["post-2517","page","type-page","status-publish","hentry"],"yoast_head":"<!-- This site is optimized with the Yoast SEO plugin v27.4 - https:\/\/yoast.com\/product\/yoast-seo-wordpress\/ -->\n<title>Sicher Unterwegs mit dem Rollator bei Nacht<\/title>\n<meta name=\"description\" content=\"Sicher unterwegs mit Ihrem Rollator. Entdecken Sie praktische Tipps f\u00fcr maximale Sicherheit bei schlechten Lichtverh\u00e4ltnissen.\" \/>\n<meta name=\"robots\" content=\"index, follow, max-snippet:-1, max-image-preview:large, max-video-preview:-1\" \/>\n<link rel=\"canonical\" href=\"https:\/\/www.voss-healthcare.net\/en\/optimale-sicherheit-mit-ihrem-rollator-bei-schlechten-lichtverhaltnissen\/\" \/>\n<meta property=\"og:locale\" content=\"en_GB\" \/>\n<meta property=\"og:type\" content=\"article\" \/>\n<meta property=\"og:title\" content=\"Sicher Unterwegs mit dem Rollator bei Nacht\" \/>\n<meta property=\"og:description\" content=\"Sicher unterwegs mit Ihrem Rollator. Entdecken Sie praktische Tipps f\u00fcr maximale Sicherheit bei schlechten Lichtverh\u00e4ltnissen.\" \/>\n<meta property=\"og:url\" content=\"https:\/\/www.voss-healthcare.net\/en\/optimale-sicherheit-mit-ihrem-rollator-bei-schlechten-lichtverhaltnissen\/\" \/>\n<meta property=\"og:site_name\" content=\"Ello by Voss healthcare\" \/>\n<meta property=\"article:modified_time\" content=\"2025-04-04T14:56:44+00:00\" \/>\n<meta property=\"og:image\" content=\"https:\/\/www.voss-healthcare.net\/wp-content\/uploads\/2025\/02\/ello-rollator-by-voss-healthcare-night.jpg\" \/>\n<meta name=\"twitter:card\" content=\"summary_large_image\" \/>\n<meta name=\"twitter:label1\" content=\"Estimated reading time\" \/>\n\t<meta name=\"twitter:data1\" content=\"3 minutes\" \/>\n<script type=\"application\/ld+json\" class=\"yoast-schema-graph\">{\"@context\":\"https:\\\/\\\/schema.org\",\"@graph\":[{\"@type\":\"WebPage\",\"@id\":\"https:\\\/\\\/www.voss-healthcare.net\\\/optimale-sicherheit-mit-ihrem-rollator-bei-schlechten-lichtverhaltnissen\\\/\",\"url\":\"https:\\\/\\\/www.voss-healthcare.net\\\/optimale-sicherheit-mit-ihrem-rollator-bei-schlechten-lichtverhaltnissen\\\/\",\"name\":\"Sicher Unterwegs mit dem Rollator bei Nacht\",\"isPartOf\":{\"@id\":\"https:\\\/\\\/www.voss-healthcare.net\\\/#website\"},\"primaryImageOfPage\":{\"@id\":\"https:\\\/\\\/www.voss-healthcare.net\\\/optimale-sicherheit-mit-ihrem-rollator-bei-schlechten-lichtverhaltnissen\\\/#primaryimage\"},\"image\":{\"@id\":\"https:\\\/\\\/www.voss-healthcare.net\\\/optimale-sicherheit-mit-ihrem-rollator-bei-schlechten-lichtverhaltnissen\\\/#primaryimage\"},\"thumbnailUrl\":\"https:\\\/\\\/www.voss-healthcare.net\\\/wp-content\\\/uploads\\\/2025\\\/02\\\/ello-rollator-by-voss-healthcare-night.jpg\",\"datePublished\":\"2025-04-04T08:46:44+00:00\",\"dateModified\":\"2025-04-04T14:56:44+00:00\",\"description\":\"Sicher unterwegs mit Ihrem Rollator. Entdecken Sie praktische Tipps f\u00fcr maximale Sicherheit bei schlechten Lichtverh\u00e4ltnissen.\",\"breadcrumb\":{\"@id\":\"https:\\\/\\\/www.voss-healthcare.net\\\/optimale-sicherheit-mit-ihrem-rollator-bei-schlechten-lichtverhaltnissen\\\/#breadcrumb\"},\"inLanguage\":\"en-GB\",\"potentialAction\":[{\"@type\":\"ReadAction\",\"target\":[\"https:\\\/\\\/www.voss-healthcare.net\\\/optimale-sicherheit-mit-ihrem-rollator-bei-schlechten-lichtverhaltnissen\\\/\"]}]},{\"@type\":\"ImageObject\",\"inLanguage\":\"en-GB\",\"@id\":\"https:\\\/\\\/www.voss-healthcare.net\\\/optimale-sicherheit-mit-ihrem-rollator-bei-schlechten-lichtverhaltnissen\\\/#primaryimage\",\"url\":\"https:\\\/\\\/www.voss-healthcare.net\\\/wp-content\\\/uploads\\\/2025\\\/02\\\/ello-rollator-by-voss-healthcare-night.jpg\",\"contentUrl\":\"https:\\\/\\\/www.voss-healthcare.net\\\/wp-content\\\/uploads\\\/2025\\\/02\\\/ello-rollator-by-voss-healthcare-night.jpg\"},{\"@type\":\"BreadcrumbList\",\"@id\":\"https:\\\/\\\/www.voss-healthcare.net\\\/optimale-sicherheit-mit-ihrem-rollator-bei-schlechten-lichtverhaltnissen\\\/#breadcrumb\",\"itemListElement\":[{\"@type\":\"ListItem\",\"position\":1,\"name\":\"Startseite\",\"item\":\"https:\\\/\\\/www.voss-healthcare.net\\\/\"},{\"@type\":\"ListItem\",\"position\":2,\"name\":\"Optimale Sicherheit mit Ihrem Rollator bei schlechten Lichtverh\u00e4ltnissen\"}]},{\"@type\":\"WebSite\",\"@id\":\"https:\\\/\\\/www.voss-healthcare.net\\\/#website\",\"url\":\"https:\\\/\\\/www.voss-healthcare.net\\\/\",\"name\":\"Ello by Voss healthcare\",\"description\":\"\",\"publisher\":{\"@id\":\"https:\\\/\\\/www.voss-healthcare.net\\\/#organization\"},\"potentialAction\":[{\"@type\":\"SearchAction\",\"target\":{\"@type\":\"EntryPoint\",\"urlTemplate\":\"https:\\\/\\\/www.voss-healthcare.net\\\/?s={search_term_string}\"},\"query-input\":{\"@type\":\"PropertyValueSpecification\",\"valueRequired\":true,\"valueName\":\"search_term_string\"}}],\"inLanguage\":\"en-GB\"},{\"@type\":\"Organization\",\"@id\":\"https:\\\/\\\/www.voss-healthcare.net\\\/#organization\",\"name\":\"Ello by Voss healthcare\",\"url\":\"https:\\\/\\\/www.voss-healthcare.net\\\/\",\"logo\":{\"@type\":\"ImageObject\",\"inLanguage\":\"en-GB\",\"@id\":\"https:\\\/\\\/www.voss-healthcare.net\\\/#\\\/schema\\\/logo\\\/image\\\/\",\"url\":\"https:\\\/\\\/www.voss-healthcare.net\\\/wp-content\\\/uploads\\\/2024\\\/08\\\/ello_Logo_by-VOSS-healthcare.webp\",\"contentUrl\":\"https:\\\/\\\/www.voss-healthcare.net\\\/wp-content\\\/uploads\\\/2024\\\/08\\\/ello_Logo_by-VOSS-healthcare.webp\",\"width\":300,\"height\":182,\"caption\":\"Ello by Voss healthcare\"},\"image\":{\"@id\":\"https:\\\/\\\/www.voss-healthcare.net\\\/#\\\/schema\\\/logo\\\/image\\\/\"}}]}<\/script>\n<!-- \/ Yoast SEO plugin. -->","yoast_head_json":{"title":"Sicher Unterwegs mit dem Rollator bei Nacht","description":"Sicher unterwegs mit Ihrem Rollator. Entdecken Sie praktische Tipps f\u00fcr maximale Sicherheit bei schlechten Lichtverh\u00e4ltnissen.","robots":{"index":"index","follow":"follow","max-snippet":"max-snippet:-1","max-image-preview":"max-image-preview:large","max-video-preview":"max-video-preview:-1"},"canonical":"https:\/\/www.voss-healthcare.net\/en\/optimale-sicherheit-mit-ihrem-rollator-bei-schlechten-lichtverhaltnissen\/","og_locale":"en_GB","og_type":"article","og_title":"Sicher Unterwegs mit dem Rollator bei Nacht","og_description":"Sicher unterwegs mit Ihrem Rollator. Entdecken Sie praktische Tipps f\u00fcr maximale Sicherheit bei schlechten Lichtverh\u00e4ltnissen.","og_url":"https:\/\/www.voss-healthcare.net\/en\/optimale-sicherheit-mit-ihrem-rollator-bei-schlechten-lichtverhaltnissen\/","og_site_name":"Ello by Voss healthcare","article_modified_time":"2025-04-04T14:56:44+00:00","og_image":[{"url":"https:\/\/www.voss-healthcare.net\/wp-content\/uploads\/2025\/02\/ello-rollator-by-voss-healthcare-night.jpg","type":"","width":"","height":""}],"twitter_card":"summary_large_image","twitter_misc":{"Estimated reading time":"3 minutes"},"schema":{"@context":"https:\/\/schema.org","@graph":[{"@type":"WebPage","@id":"https:\/\/www.voss-healthcare.net\/optimale-sicherheit-mit-ihrem-rollator-bei-schlechten-lichtverhaltnissen\/","url":"https:\/\/www.voss-healthcare.net\/optimale-sicherheit-mit-ihrem-rollator-bei-schlechten-lichtverhaltnissen\/","name":"Sicher Unterwegs mit dem Rollator bei Nacht","isPartOf":{"@id":"https:\/\/www.voss-healthcare.net\/#website"},"primaryImageOfPage":{"@id":"https:\/\/www.voss-healthcare.net\/optimale-sicherheit-mit-ihrem-rollator-bei-schlechten-lichtverhaltnissen\/#primaryimage"},"image":{"@id":"https:\/\/www.voss-healthcare.net\/optimale-sicherheit-mit-ihrem-rollator-bei-schlechten-lichtverhaltnissen\/#primaryimage"},"thumbnailUrl":"https:\/\/www.voss-healthcare.net\/wp-content\/uploads\/2025\/02\/ello-rollator-by-voss-healthcare-night.jpg","datePublished":"2025-04-04T08:46:44+00:00","dateModified":"2025-04-04T14:56:44+00:00","description":"Sicher unterwegs mit Ihrem Rollator. Entdecken Sie praktische Tipps f\u00fcr maximale Sicherheit bei schlechten Lichtverh\u00e4ltnissen.","breadcrumb":{"@id":"https:\/\/www.voss-healthcare.net\/optimale-sicherheit-mit-ihrem-rollator-bei-schlechten-lichtverhaltnissen\/#breadcrumb"},"inLanguage":"en-GB","potentialAction":[{"@type":"ReadAction","target":["https:\/\/www.voss-healthcare.net\/optimale-sicherheit-mit-ihrem-rollator-bei-schlechten-lichtverhaltnissen\/"]}]},{"@type":"ImageObject","inLanguage":"en-GB","@id":"https:\/\/www.voss-healthcare.net\/optimale-sicherheit-mit-ihrem-rollator-bei-schlechten-lichtverhaltnissen\/#primaryimage","url":"https:\/\/www.voss-healthcare.net\/wp-content\/uploads\/2025\/02\/ello-rollator-by-voss-healthcare-night.jpg","contentUrl":"https:\/\/www.voss-healthcare.net\/wp-content\/uploads\/2025\/02\/ello-rollator-by-voss-healthcare-night.jpg"},{"@type":"BreadcrumbList","@id":"https:\/\/www.voss-healthcare.net\/optimale-sicherheit-mit-ihrem-rollator-bei-schlechten-lichtverhaltnissen\/#breadcrumb","itemListElement":[{"@type":"ListItem","position":1,"name":"Startseite","item":"https:\/\/www.voss-healthcare.net\/"},{"@type":"ListItem","position":2,"name":"Optimale Sicherheit mit Ihrem Rollator bei schlechten Lichtverh\u00e4ltnissen"}]},{"@type":"WebSite","@id":"https:\/\/www.voss-healthcare.net\/#website","url":"https:\/\/www.voss-healthcare.net\/","name":"Ello by Voss healthcare","description":"","publisher":{"@id":"https:\/\/www.voss-healthcare.net\/#organization"},"potentialAction":[{"@type":"SearchAction","target":{"@type":"EntryPoint","urlTemplate":"https:\/\/www.voss-healthcare.net\/?s={search_term_string}"},"query-input":{"@type":"PropertyValueSpecification","valueRequired":true,"valueName":"search_term_string"}}],"inLanguage":"en-GB"},{"@type":"Organization","@id":"https:\/\/www.voss-healthcare.net\/#organization","name":"Ello by Voss healthcare","url":"https:\/\/www.voss-healthcare.net\/","logo":{"@type":"ImageObject","inLanguage":"en-GB","@id":"https:\/\/www.voss-healthcare.net\/#\/schema\/logo\/image\/","url":"https:\/\/www.voss-healthcare.net\/wp-content\/uploads\/2024\/08\/ello_Logo_by-VOSS-healthcare.webp","contentUrl":"https:\/\/www.voss-healthcare.net\/wp-content\/uploads\/2024\/08\/ello_Logo_by-VOSS-healthcare.webp","width":300,"height":182,"caption":"Ello by Voss healthcare"},"image":{"@id":"https:\/\/www.voss-healthcare.net\/#\/schema\/logo\/image\/"}}]}},"_links":{"self":[{"href":"https:\/\/www.voss-healthcare.net\/en\/wp-json\/wp\/v2\/pages\/2517","targetHints":{"allow":["GET"]}}],"collection":[{"href":"https:\/\/www.voss-healthcare.net\/en\/wp-json\/wp\/v2\/pages"}],"about":[{"href":"https:\/\/www.voss-healthcare.net\/en\/wp-json\/wp\/v2\/types\/page"}],"author":[{"embeddable":true,"href":"https:\/\/www.voss-healthcare.net\/en\/wp-json\/wp\/v2\/users\/1"}],"replies":[{"embeddable":true,"href":"https:\/\/www.voss-healthcare.net\/en\/wp-json\/wp\/v2\/comments?post=2517"}],"version-history":[{"count":8,"href":"https:\/\/www.voss-healthcare.net\/en\/wp-json\/wp\/v2\/pages\/2517\/revisions"}],"predecessor-version":[{"id":2535,"href":"https:\/\/www.voss-healthcare.net\/en\/wp-json\/wp\/v2\/pages\/2517\/revisions\/2535"}],"wp:attachment":[{"href":"https:\/\/www.voss-healthcare.net\/en\/wp-json\/wp\/v2\/media?parent=2517"}],"curies":[{"name":"wp","href":"https:\/\/api.w.org\/{rel}","templated":true}]}}