{"id":2437,"date":"2025-03-18T09:49:10","date_gmt":"2025-03-18T08:49:10","guid":{"rendered":"https:\/\/www.voss-healthcare.net\/?page_id=2437"},"modified":"2025-03-27T11:35:33","modified_gmt":"2025-03-27T10:35:33","slug":"termin","status":"publish","type":"page","link":"https:\/\/www.voss-healthcare.net\/en\/termin\/","title":{"rendered":"Termin"},"content":{"rendered":"<div data-elementor-type=\"wp-page\" data-elementor-id=\"2437\" class=\"elementor elementor-2437\" data-elementor-post-type=\"page\">\n\t\t\t\t<div class=\"elementor-element elementor-element-68922633 e-flex e-con-boxed e-con e-parent\" data-id=\"68922633\" data-element_type=\"container\" data-e-type=\"container\">\n\t\t\t\t\t<div class=\"e-con-inner\">\n\t\t\t\t<div class=\"elementor-element elementor-element-3781a819 elementor-widget elementor-widget-heading\" data-id=\"3781a819\" data-element_type=\"widget\" data-e-type=\"widget\" data-widget_type=\"heading.default\">\n\t\t\t\t<div class=\"elementor-widget-container\">\n\t\t\t\t\t<h2 class=\"elementor-heading-title elementor-size-default\">BOOK A CONSULTATION NOW<\/h2>\t\t\t\t<\/div>\n\t\t\t\t<\/div>\n\t\t\t\t<div class=\"elementor-element elementor-element-76b07060 elementor-widget elementor-widget-image\" data-id=\"76b07060\" data-element_type=\"widget\" data-e-type=\"widget\" data-widget_type=\"image.default\">\n\t\t\t\t<div class=\"elementor-widget-container\">\n\t\t\t\t\t\t\t\t\t\t\t\t\t\t\t<img fetchpriority=\"high\" decoding=\"async\" width=\"962\" height=\"984\" src=\"https:\/\/www.voss-healthcare.net\/wp-content\/uploads\/2024\/09\/ello-kontakt.webp\" class=\"attachment-full size-full wp-image-1509\" alt=\"ello Kontakt\" srcset=\"https:\/\/www.voss-healthcare.net\/wp-content\/uploads\/2024\/09\/ello-kontakt.webp 962w, https:\/\/www.voss-healthcare.net\/wp-content\/uploads\/2024\/09\/ello-kontakt-587x600.webp 587w, https:\/\/www.voss-healthcare.net\/wp-content\/uploads\/2024\/09\/ello-kontakt-244x250.webp 244w\" sizes=\"(max-width: 962px) 100vw, 962px\" \/>\t\t\t\t\t\t\t\t\t\t\t\t\t\t\t<\/div>\n\t\t\t\t<\/div>\n\t\t\t\t<div class=\"elementor-element elementor-element-4314b56 elementor-widget elementor-widget-text-editor\" data-id=\"4314b56\" data-element_type=\"widget\" data-e-type=\"widget\" data-widget_type=\"text-editor.default\">\n\t\t\t\t<div class=\"elementor-widget-container\">\n\t\t\t\t\t\t\t\t\t<p>Thank you for your interest. <br \/>Would you like to learn more about ello or test it on site? <br \/>Leave your details here and your contact person will get in touch with you directly.<\/p>\t\t\t\t\t\t\t\t<\/div>\n\t\t\t\t<\/div>\n\t\t\t\t\t<\/div>\n\t\t\t\t<\/div>\n\t\t<div class=\"elementor-element elementor-element-7177ffb2 e-flex e-con-boxed e-con e-parent\" data-id=\"7177ffb2\" data-element_type=\"container\" data-e-type=\"container\" data-settings=\"{&quot;background_background&quot;:&quot;classic&quot;}\">\n\t\t\t\t\t<div class=\"e-con-inner\">\n\t\t\t\t<div class=\"elementor-element elementor-element-280df409 elementor-widget elementor-widget-html\" data-id=\"280df409\" data-element_type=\"widget\" data-e-type=\"widget\" data-widget_type=\"html.default\">\n\t\t\t\t<div class=\"elementor-widget-container\">\n\t\t\t\t\t<script>\ndocument.addEventListener('DOMContentLoaded', function () {\n    const urlParams = new URLSearchParams(window.location.search);\n    const hideForm = urlParams.has('gform');\n    if (hideForm) {\n        document.querySelector('.hide-on-param').setAttribute('data-show', 'false');\n    }else{\n        let feedbackText = document.querySelector('.hide-on-param2');\n        \n        feedbackText.setAttribute('data-show', 'true');\n        console.log(feedbackText.getAttribute('data-show'));\n    }\n});\n<\/script>\t\t\t\t<\/div>\n\t\t\t\t<\/div>\n\t\t\t\t<div class=\"elementor-element elementor-element-3661c4fc hide-on-param elementor-button-align-stretch elementor-widget elementor-widget-form\" data-id=\"3661c4fc\" data-element_type=\"widget\" data-e-type=\"widget\" data-settings=\"{&quot;step_next_label&quot;:&quot;N\\u00e4chster&quot;,&quot;step_previous_label&quot;:&quot;Voriger&quot;,&quot;button_width&quot;:&quot;100&quot;,&quot;step_type&quot;:&quot;number_text&quot;,&quot;step_icon_shape&quot;:&quot;circle&quot;}\" data-widget_type=\"form.default\">\n\t\t\t\t<div class=\"elementor-widget-container\">\n\t\t\t\t\t\t\t<form class=\"elementor-form\" method=\"post\" name=\"kontakt\" aria-label=\"kontakt\" action=\"\">\n\t\t\t<input type=\"hidden\" name=\"post_id\" value=\"2437\"\/>\n\t\t\t<input type=\"hidden\" name=\"form_id\" value=\"3661c4fc\"\/>\n\t\t\t<input type=\"hidden\" name=\"referer_title\" value=\"Ello by Voss healthcare\" \/>\n\n\t\t\t\n\t\t\t<div class=\"elementor-form-fields-wrapper elementor-labels-above\">\n\t\t\t\t\t\t\t\t<div class=\"elementor-field-type-text elementor-field-group elementor-column elementor-field-group-name elementor-col-100 elementor-field-required\">\n\t\t\t\t\t\t\t\t\t\t\t\t<label for=\"form-field-name\" class=\"elementor-field-label\">\n\t\t\t\t\t\t\t\tName\t\t\t\t\t\t\t<\/label>\n\t\t\t\t\t\t\t\t\t\t\t\t\t\t<input size=\"1\" type=\"text\" name=\"form_fields[name]\" id=\"form-field-name\" class=\"elementor-field elementor-size-sm  elementor-field-textual\" placeholder=\"Name\" required=\"required\">\n\t\t\t\t\t\t\t\t\t\t\t<\/div>\n\t\t\t\t\t\t\t\t<div class=\"elementor-field-type-text\">\n\t\t\t\t\t<input size=\"1\" type=\"text\" name=\"form_fields[field_c3f1641]\" id=\"form-field-field_c3f1641\" class=\"elementor-field elementor-size-sm\" style=\"display:none !important;\">\t\t\t\t<\/div>\n\t\t\t\t\t\t\t\t<div class=\"elementor-field-type-email elementor-field-group elementor-column elementor-field-group-email elementor-col-100 elementor-field-required\">\n\t\t\t\t\t\t\t\t\t\t\t\t<label for=\"form-field-email\" class=\"elementor-field-label\">\n\t\t\t\t\t\t\t\tE-Mail\t\t\t\t\t\t\t<\/label>\n\t\t\t\t\t\t\t\t\t\t\t\t\t\t<input size=\"1\" type=\"email\" name=\"form_fields[email]\" id=\"form-field-email\" class=\"elementor-field elementor-size-sm  elementor-field-textual\" placeholder=\"E-Mail\" required=\"required\">\n\t\t\t\t\t\t\t\t\t\t\t<\/div>\n\t\t\t\t\t\t\t\t<div class=\"elementor-field-type-tel elementor-field-group elementor-column elementor-field-group-field_3f7c5d2 elementor-col-100 elementor-field-required\">\n\t\t\t\t\t\t\t\t\t\t\t\t<label for=\"form-field-field_3f7c5d2\" class=\"elementor-field-label\">\n\t\t\t\t\t\t\t\tYour Phonenumber\t\t\t\t\t\t\t<\/label>\n\t\t\t\t\t\t\t\t<input size=\"1\" type=\"tel\" name=\"form_fields[field_3f7c5d2]\" id=\"form-field-field_3f7c5d2\" class=\"elementor-field elementor-size-sm  elementor-field-textual\" placeholder=\"Your Phonenumber\" required=\"required\" pattern=\"[0-9()#&amp;+*-=.]+\" title=\"Only numbers and phone characters (#, -, *, etc) are accepted.\">\n\n\t\t\t\t\t\t<\/div>\n\t\t\t\t\t\t\t\t<div class=\"elementor-field-type-text elementor-field-group elementor-column elementor-field-group-message elementor-col-100\">\n\t\t\t\t\t\t\t\t\t\t\t\t<label for=\"form-field-message\" class=\"elementor-field-label\">\n\t\t\t\t\t\t\t\tStreet, No.\t\t\t\t\t\t\t<\/label>\n\t\t\t\t\t\t\t\t\t\t\t\t\t\t<input size=\"1\" type=\"text\" name=\"form_fields[message]\" id=\"form-field-message\" class=\"elementor-field elementor-size-sm  elementor-field-textual\" placeholder=\"Street, No.\">\n\t\t\t\t\t\t\t\t\t\t\t<\/div>\n\t\t\t\t\t\t\t\t<div class=\"elementor-field-type-number elementor-field-group elementor-column elementor-field-group-field_ed8b722 elementor-col-100 elementor-field-required\">\n\t\t\t\t\t\t\t\t\t\t\t\t<label for=\"form-field-field_ed8b722\" class=\"elementor-field-label\">\n\t\t\t\t\t\t\t\tZip-Code\t\t\t\t\t\t\t<\/label>\n\t\t\t\t\t\t\t\t\t<input type=\"number\" name=\"form_fields[field_ed8b722]\" id=\"form-field-field_ed8b722\" class=\"elementor-field elementor-size-sm  elementor-field-textual\" placeholder=\"Zip-Code\" required=\"required\" min=\"\" max=\"99999\" >\n\t\t\t\t\t\t<\/div>\n\t\t\t\t\t\t\t\t<div class=\"elementor-field-type-text elementor-field-group elementor-column elementor-field-group-field_4ca056c elementor-col-100 elementor-field-required\">\n\t\t\t\t\t\t\t\t\t\t\t\t<label for=\"form-field-field_4ca056c\" class=\"elementor-field-label\">\n\t\t\t\t\t\t\t\tCity\t\t\t\t\t\t\t<\/label>\n\t\t\t\t\t\t\t\t\t\t\t\t\t\t<input size=\"1\" type=\"text\" name=\"form_fields[field_4ca056c]\" id=\"form-field-field_4ca056c\" class=\"elementor-field elementor-size-sm  elementor-field-textual\" placeholder=\"City\" required=\"required\">\n\t\t\t\t\t\t\t\t\t\t\t<\/div>\n\t\t\t\t\t\t\t\t<div class=\"elementor-field-type-textarea elementor-field-group elementor-column elementor-field-group-field_3da1b54 elementor-col-100\">\n\t\t\t\t\t\t\t\t\t\t\t\t<label for=\"form-field-field_3da1b54\" class=\"elementor-field-label\">\n\t\t\t\t\t\t\t\tMessage\t\t\t\t\t\t\t<\/label>\n\t\t\t\t\t\t<textarea class=\"elementor-field-textual elementor-field  elementor-size-sm\" name=\"form_fields[field_3da1b54]\" id=\"form-field-field_3da1b54\" rows=\"4\" placeholder=\"Message\"><\/textarea>\t\t\t\t<\/div>\n\t\t\t\t\t\t\t\t<div class=\"elementor-field-type-html elementor-field-group elementor-column elementor-field-group-field_7179ff7 elementor-col-100\">\n\t\t\t\t\t<p style=\"color:#fff;\">For information on the processing of your personal data, please refer to the <a style=\"color:#fff;text-decoration:underline;\" href=\"\/en\/datenschutz\/\">privacy policy<\/a><\/p>\t\t\t\t<\/div>\n\t\t\t\t\t\t\t\t<div class=\"elementor-field-type-recaptcha_v3 elementor-field-group elementor-column elementor-field-group-field_13bdd51 elementor-col-100 recaptcha_v3-bottomright\">\n\t\t\t\t\t<div class=\"elementor-field\" id=\"form-field-field_13bdd51\"><div class=\"elementor-g-recaptcha\" data-sitekey=\"6LdWk4kqAAAAAFBRWp_9UNyWNHqxotmZMZKF0bsF\" data-type=\"v3\" data-action=\"Form\" data-badge=\"bottomright\" data-size=\"invisible\"><\/div><\/div>\t\t\t\t<\/div>\n\t\t\t\t\t\t\t\t<div class=\"elementor-field-group elementor-column elementor-field-type-submit elementor-col-100 e-form__buttons\">\n\t\t\t\t\t<button class=\"elementor-button elementor-size-sm\" type=\"submit\">\n\t\t\t\t\t\t<span class=\"elementor-button-content-wrapper\">\n\t\t\t\t\t\t\t\t\t\t\t\t\t\t\t\t\t\t\t\t\t\t<span class=\"elementor-button-text\">Submit<\/span>\n\t\t\t\t\t\t\t\t\t\t\t\t\t<\/span>\n\t\t\t\t\t<\/button>\n\t\t\t\t<\/div>\n\t\t\t<\/div>\n\t\t<input type=\"hidden\" name=\"trp-form-language\" value=\"en\"\/><\/form>\n\t\t\t\t\t\t<\/div>\n\t\t\t\t<\/div>\n\t\t\t\t<div class=\"elementor-element elementor-element-2dccab40 hide-on-param2 elementor-widget elementor-widget-text-editor\" data-id=\"2dccab40\" data-element_type=\"widget\" data-e-type=\"widget\" data-widget_type=\"text-editor.default\">\n\t\t\t\t<div class=\"elementor-widget-container\">\n\t\t\t\t\t\t\t\t\t<p>Thank you for your message.<br \/>Wir melden uns zeitnah bei Ihnen<\/p>\t\t\t\t\t\t\t\t<\/div>\n\t\t\t\t<\/div>\n\t\t\t\t\t<\/div>\n\t\t\t\t<\/div>\n\t\t<div class=\"elementor-element elementor-element-40a71fcd e-flex e-con-boxed e-con e-parent\" data-id=\"40a71fcd\" data-element_type=\"container\" data-e-type=\"container\">\n\t\t\t\t\t<div class=\"e-con-inner\">\n\t\t\t\t<div class=\"elementor-element elementor-element-9a59244 elementor-widget elementor-widget-text-editor\" data-id=\"9a59244\" data-element_type=\"widget\" data-e-type=\"widget\" data-widget_type=\"text-editor.default\">\n\t\t\t\t<div class=\"elementor-widget-container\">\n\t\t\t\t\t\t\t\t\t<p><strong>VOSS healthcare GmbH<\/strong><\/p><p>J\u00fclicher Str. 306<\/p><p>52070 Aachen<\/p><p><strong>E-Mail:<\/strong> info@voss-healthcare.net<br \/><strong>Phone: <\/strong>+49 241 510 056 22<\/p>\t\t\t\t\t\t\t\t<\/div>\n\t\t\t\t<\/div>\n\t\t\t\t\t<\/div>\n\t\t\t\t<\/div>\n\t\t\t\t<\/div>","protected":false},"excerpt":{"rendered":"<p>JETZT BERATUNG BUCHEN Danke f\u00fcr Ihr Interesse. Sie m\u00f6chten mehr \u00fcber ello erfahren oder den ello vor Ort testen? Hinterlassen Sie hier Ihre Daten und Ihr Ansprechpartner wird sich direkt bei Ihnen melden. Vielen Dank f\u00fcr Ihre Nachricht.Wir melden uns zeitnah bei Ihnen VOSS healthcare GmbH J\u00fclicher Str. 306 52070 Aachen E-Mail: info@voss-healthcare.netPhone: +49 241 [&hellip;]<\/p>","protected":false},"author":1,"featured_media":0,"parent":0,"menu_order":0,"comment_status":"closed","ping_status":"closed","template":"","meta":{"footnotes":""},"class_list":["post-2437","page","type-page","status-publish","hentry"],"yoast_head":"<!-- This site is optimized with the Yoast SEO plugin v27.4 - https:\/\/yoast.com\/product\/yoast-seo-wordpress\/ -->\n<title>Termin - Ello by Voss healthcare<\/title>\n<meta name=\"robots\" content=\"index, follow, max-snippet:-1, max-image-preview:large, max-video-preview:-1\" \/>\n<link rel=\"canonical\" href=\"https:\/\/www.voss-healthcare.net\/en\/termin\/\" \/>\n<meta property=\"og:locale\" content=\"en_GB\" \/>\n<meta property=\"og:type\" content=\"article\" \/>\n<meta property=\"og:title\" content=\"Termin - Ello by Voss healthcare\" \/>\n<meta property=\"og:description\" content=\"JETZT BERATUNG BUCHEN Danke f\u00fcr Ihr Interesse. Sie m\u00f6chten mehr \u00fcber ello erfahren oder den ello vor Ort testen? Hinterlassen Sie hier Ihre Daten und Ihr Ansprechpartner wird sich direkt bei Ihnen melden. Vielen Dank f\u00fcr Ihre Nachricht.Wir melden uns zeitnah bei Ihnen VOSS healthcare GmbH J\u00fclicher Str. 306 52070 Aachen E-Mail: info@voss-healthcare.netPhone: +49 241 [&hellip;]\" \/>\n<meta property=\"og:url\" content=\"https:\/\/www.voss-healthcare.net\/en\/termin\/\" \/>\n<meta property=\"og:site_name\" content=\"Ello by Voss healthcare\" \/>\n<meta property=\"article:modified_time\" content=\"2025-03-27T10:35:33+00:00\" \/>\n<meta property=\"og:image\" content=\"https:\/\/www.voss-healthcare.net\/wp-content\/uploads\/2024\/09\/ello-kontakt.webp\" \/>\n\t<meta property=\"og:image:width\" content=\"962\" \/>\n\t<meta property=\"og:image:height\" content=\"984\" \/>\n\t<meta property=\"og:image:type\" content=\"image\/webp\" \/>\n<meta name=\"twitter:card\" content=\"summary_large_image\" \/>\n<meta name=\"twitter:label1\" content=\"Estimated reading time\" \/>\n\t<meta name=\"twitter:data1\" content=\"1 minute\" \/>\n<script type=\"application\/ld+json\" class=\"yoast-schema-graph\">{\"@context\":\"https:\\\/\\\/schema.org\",\"@graph\":[{\"@type\":\"WebPage\",\"@id\":\"https:\\\/\\\/www.voss-healthcare.net\\\/termin\\\/\",\"url\":\"https:\\\/\\\/www.voss-healthcare.net\\\/termin\\\/\",\"name\":\"Termin - Ello by Voss healthcare\",\"isPartOf\":{\"@id\":\"https:\\\/\\\/www.voss-healthcare.net\\\/#website\"},\"primaryImageOfPage\":{\"@id\":\"https:\\\/\\\/www.voss-healthcare.net\\\/termin\\\/#primaryimage\"},\"image\":{\"@id\":\"https:\\\/\\\/www.voss-healthcare.net\\\/termin\\\/#primaryimage\"},\"thumbnailUrl\":\"https:\\\/\\\/www.voss-healthcare.net\\\/wp-content\\\/uploads\\\/2024\\\/09\\\/ello-kontakt.webp\",\"datePublished\":\"2025-03-18T08:49:10+00:00\",\"dateModified\":\"2025-03-27T10:35:33+00:00\",\"breadcrumb\":{\"@id\":\"https:\\\/\\\/www.voss-healthcare.net\\\/termin\\\/#breadcrumb\"},\"inLanguage\":\"en-GB\",\"potentialAction\":[{\"@type\":\"ReadAction\",\"target\":[\"https:\\\/\\\/www.voss-healthcare.net\\\/termin\\\/\"]}]},{\"@type\":\"ImageObject\",\"inLanguage\":\"en-GB\",\"@id\":\"https:\\\/\\\/www.voss-healthcare.net\\\/termin\\\/#primaryimage\",\"url\":\"https:\\\/\\\/www.voss-healthcare.net\\\/wp-content\\\/uploads\\\/2024\\\/09\\\/ello-kontakt.webp\",\"contentUrl\":\"https:\\\/\\\/www.voss-healthcare.net\\\/wp-content\\\/uploads\\\/2024\\\/09\\\/ello-kontakt.webp\"},{\"@type\":\"BreadcrumbList\",\"@id\":\"https:\\\/\\\/www.voss-healthcare.net\\\/termin\\\/#breadcrumb\",\"itemListElement\":[{\"@type\":\"ListItem\",\"position\":1,\"name\":\"Startseite\",\"item\":\"https:\\\/\\\/www.voss-healthcare.net\\\/\"},{\"@type\":\"ListItem\",\"position\":2,\"name\":\"Termin\"}]},{\"@type\":\"WebSite\",\"@id\":\"https:\\\/\\\/www.voss-healthcare.net\\\/#website\",\"url\":\"https:\\\/\\\/www.voss-healthcare.net\\\/\",\"name\":\"Ello by Voss healthcare\",\"description\":\"\",\"publisher\":{\"@id\":\"https:\\\/\\\/www.voss-healthcare.net\\\/#organization\"},\"potentialAction\":[{\"@type\":\"SearchAction\",\"target\":{\"@type\":\"EntryPoint\",\"urlTemplate\":\"https:\\\/\\\/www.voss-healthcare.net\\\/?s={search_term_string}\"},\"query-input\":{\"@type\":\"PropertyValueSpecification\",\"valueRequired\":true,\"valueName\":\"search_term_string\"}}],\"inLanguage\":\"en-GB\"},{\"@type\":\"Organization\",\"@id\":\"https:\\\/\\\/www.voss-healthcare.net\\\/#organization\",\"name\":\"Ello by Voss healthcare\",\"url\":\"https:\\\/\\\/www.voss-healthcare.net\\\/\",\"logo\":{\"@type\":\"ImageObject\",\"inLanguage\":\"en-GB\",\"@id\":\"https:\\\/\\\/www.voss-healthcare.net\\\/#\\\/schema\\\/logo\\\/image\\\/\",\"url\":\"https:\\\/\\\/www.voss-healthcare.net\\\/wp-content\\\/uploads\\\/2024\\\/08\\\/ello_Logo_by-VOSS-healthcare.webp\",\"contentUrl\":\"https:\\\/\\\/www.voss-healthcare.net\\\/wp-content\\\/uploads\\\/2024\\\/08\\\/ello_Logo_by-VOSS-healthcare.webp\",\"width\":300,\"height\":182,\"caption\":\"Ello by Voss healthcare\"},\"image\":{\"@id\":\"https:\\\/\\\/www.voss-healthcare.net\\\/#\\\/schema\\\/logo\\\/image\\\/\"}}]}<\/script>\n<!-- \/ Yoast SEO plugin. -->","yoast_head_json":{"title":"Termin - Ello by Voss healthcare","robots":{"index":"index","follow":"follow","max-snippet":"max-snippet:-1","max-image-preview":"max-image-preview:large","max-video-preview":"max-video-preview:-1"},"canonical":"https:\/\/www.voss-healthcare.net\/en\/termin\/","og_locale":"en_GB","og_type":"article","og_title":"Termin - Ello by Voss healthcare","og_description":"JETZT BERATUNG BUCHEN Danke f\u00fcr Ihr Interesse. Sie m\u00f6chten mehr \u00fcber ello erfahren oder den ello vor Ort testen? Hinterlassen Sie hier Ihre Daten und Ihr Ansprechpartner wird sich direkt bei Ihnen melden. Vielen Dank f\u00fcr Ihre Nachricht.Wir melden uns zeitnah bei Ihnen VOSS healthcare GmbH J\u00fclicher Str. 306 52070 Aachen E-Mail: info@voss-healthcare.netPhone: +49 241 [&hellip;]","og_url":"https:\/\/www.voss-healthcare.net\/en\/termin\/","og_site_name":"Ello by Voss healthcare","article_modified_time":"2025-03-27T10:35:33+00:00","og_image":[{"width":962,"height":984,"url":"https:\/\/www.voss-healthcare.net\/wp-content\/uploads\/2024\/09\/ello-kontakt.webp","type":"image\/webp"}],"twitter_card":"summary_large_image","twitter_misc":{"Estimated reading time":"1 minute"},"schema":{"@context":"https:\/\/schema.org","@graph":[{"@type":"WebPage","@id":"https:\/\/www.voss-healthcare.net\/termin\/","url":"https:\/\/www.voss-healthcare.net\/termin\/","name":"Termin - Ello by Voss healthcare","isPartOf":{"@id":"https:\/\/www.voss-healthcare.net\/#website"},"primaryImageOfPage":{"@id":"https:\/\/www.voss-healthcare.net\/termin\/#primaryimage"},"image":{"@id":"https:\/\/www.voss-healthcare.net\/termin\/#primaryimage"},"thumbnailUrl":"https:\/\/www.voss-healthcare.net\/wp-content\/uploads\/2024\/09\/ello-kontakt.webp","datePublished":"2025-03-18T08:49:10+00:00","dateModified":"2025-03-27T10:35:33+00:00","breadcrumb":{"@id":"https:\/\/www.voss-healthcare.net\/termin\/#breadcrumb"},"inLanguage":"en-GB","potentialAction":[{"@type":"ReadAction","target":["https:\/\/www.voss-healthcare.net\/termin\/"]}]},{"@type":"ImageObject","inLanguage":"en-GB","@id":"https:\/\/www.voss-healthcare.net\/termin\/#primaryimage","url":"https:\/\/www.voss-healthcare.net\/wp-content\/uploads\/2024\/09\/ello-kontakt.webp","contentUrl":"https:\/\/www.voss-healthcare.net\/wp-content\/uploads\/2024\/09\/ello-kontakt.webp"},{"@type":"BreadcrumbList","@id":"https:\/\/www.voss-healthcare.net\/termin\/#breadcrumb","itemListElement":[{"@type":"ListItem","position":1,"name":"Startseite","item":"https:\/\/www.voss-healthcare.net\/"},{"@type":"ListItem","position":2,"name":"Termin"}]},{"@type":"WebSite","@id":"https:\/\/www.voss-healthcare.net\/#website","url":"https:\/\/www.voss-healthcare.net\/","name":"Ello by Voss healthcare","description":"","publisher":{"@id":"https:\/\/www.voss-healthcare.net\/#organization"},"potentialAction":[{"@type":"SearchAction","target":{"@type":"EntryPoint","urlTemplate":"https:\/\/www.voss-healthcare.net\/?s={search_term_string}"},"query-input":{"@type":"PropertyValueSpecification","valueRequired":true,"valueName":"search_term_string"}}],"inLanguage":"en-GB"},{"@type":"Organization","@id":"https:\/\/www.voss-healthcare.net\/#organization","name":"Ello by Voss healthcare","url":"https:\/\/www.voss-healthcare.net\/","logo":{"@type":"ImageObject","inLanguage":"en-GB","@id":"https:\/\/www.voss-healthcare.net\/#\/schema\/logo\/image\/","url":"https:\/\/www.voss-healthcare.net\/wp-content\/uploads\/2024\/08\/ello_Logo_by-VOSS-healthcare.webp","contentUrl":"https:\/\/www.voss-healthcare.net\/wp-content\/uploads\/2024\/08\/ello_Logo_by-VOSS-healthcare.webp","width":300,"height":182,"caption":"Ello by Voss healthcare"},"image":{"@id":"https:\/\/www.voss-healthcare.net\/#\/schema\/logo\/image\/"}}]}},"_links":{"self":[{"href":"https:\/\/www.voss-healthcare.net\/en\/wp-json\/wp\/v2\/pages\/2437","targetHints":{"allow":["GET"]}}],"collection":[{"href":"https:\/\/www.voss-healthcare.net\/en\/wp-json\/wp\/v2\/pages"}],"about":[{"href":"https:\/\/www.voss-healthcare.net\/en\/wp-json\/wp\/v2\/types\/page"}],"author":[{"embeddable":true,"href":"https:\/\/www.voss-healthcare.net\/en\/wp-json\/wp\/v2\/users\/1"}],"replies":[{"embeddable":true,"href":"https:\/\/www.voss-healthcare.net\/en\/wp-json\/wp\/v2\/comments?post=2437"}],"version-history":[{"count":22,"href":"https:\/\/www.voss-healthcare.net\/en\/wp-json\/wp\/v2\/pages\/2437\/revisions"}],"predecessor-version":[{"id":2509,"href":"https:\/\/www.voss-healthcare.net\/en\/wp-json\/wp\/v2\/pages\/2437\/revisions\/2509"}],"wp:attachment":[{"href":"https:\/\/www.voss-healthcare.net\/en\/wp-json\/wp\/v2\/media?parent=2437"}],"curies":[{"name":"wp","href":"https:\/\/api.w.org\/{rel}","templated":true}]}}